{"id":161,"date":"2016-08-22T19:19:13","date_gmt":"2016-08-22T18:19:13","guid":{"rendered":"http:\/\/annicklonguetart.com\/?page_id=161"},"modified":"2022-12-20T16:10:53","modified_gmt":"2022-12-20T15:10:53","slug":"soutiens-et-preparation-aux-concours-des-grandes-ecoles","status":"publish","type":"page","link":"https:\/\/annicklonguetart.com\/?page_id=161","title":{"rendered":"Pr\u00e9paration aux concours des grandes \u00e9coles"},"content":{"rendered":"<div    class=\"vc_row wpb_row section vc_row-fluid vc_custom_1466086931955\" style=' text-align:left;'><div class=\" full_section_inner clearfix\"><div class=\"wpb_column vc_column_container 1\"><div class=\"wpb_wrapper\">\n\t<div class=\"wpb_text_column wpb_content_element \">\n\t\t<div class=\"wpb_wrapper\">\n\t\t\t<blockquote id=\"pr\u00e9paration_aux_concours_des_grandes_\u00e9coles\">\n<h2><span style=\"color: #ebdf0c;\">Pr\u00e9paration aux concours des grandes \u00c9coles d&rsquo;Art<\/span><\/h2>\n<\/blockquote>\n\n\t\t<\/div>\n\t<\/div>\n<\/div><\/div><\/div><\/div>\n<div style=\"display: flex; justify-content: center;\">\n<div style=\"max-width: 800px;\">\n<div    class=\"vc_row wpb_row section vc_row-fluid vc_custom_1466086931955\" style=' text-align:left;'><div class=\" full_section_inner clearfix\"><div class=\"wpb_column vc_column_container 1\"><div class=\"wpb_wrapper\">\n\t<div class=\"wpb_text_column wpb_content_element \">\n\t\t<div class=\"wpb_wrapper\">\n\t\t\t<h4 style=\"text-align: left;\"><span style=\"color: #736f6f;\">L&rsquo;Atelier Annick Longuet<img loading=\"lazy\" class=\"alignleft wp-image-287\" src=\"https:\/\/i0.wp.com\/annicklonguetart.com\/wp-content\/uploads\/2016\/08\/pochette-art-1.jpg?resize=321%2C263&#038;ssl=1\" alt=\"pochette art (1)\" width=\"321\" height=\"263\"  data-recalc-dims=\"1\">&nbsp;vous offre la possibilit\u00e9 de <strong>pr\u00e9parer les dossiers aux concours des grandes \u00e9coles<\/strong>.<\/span><\/h4>\n<h4><\/h4>\n<p>&nbsp;<\/p>\n<h4 style=\"text-align: left;\"><span style=\"color: #736f6f;\">Ce soutien personnalis\u00e9 est <strong>sp\u00e9cialement pens\u00e9 pour les \u00e9tudiants<\/strong> qui se pr\u00e9parent aux <strong>concours des grandes \u00e9coles d\u2019art<\/strong>, mais aussi aux professionnels qui souhaitent <strong>pr\u00e9parer un<\/strong> <strong>dipl\u00f4me sup\u00e9rieur<\/strong>.<\/span><\/h4>\n<p style=\"text-align: justify;\">\n\n\t\t<\/div>\n\t<\/div>\n<\/div><\/div><\/div><\/div>\n<\/div>\n<\/div>\n<div    class=\"vc_row wpb_row section vc_row-fluid vc_custom_1466086931955\" style=' text-align:left;'><div class=\" full_section_inner clearfix\"><div class=\"wpb_column vc_column_container 1\"><div class=\"wpb_wrapper\">\n\t<div class=\"wpb_text_column wpb_content_element \">\n\t\t<div class=\"wpb_wrapper\">\n\t\t\t<blockquote id=\"arts_appliqu\u00e9s\">\n<h2><span style=\"color: #e0cf10;\">Arts Appliqu\u00e9s<\/span><\/h2>\n<\/blockquote>\n\n\t\t<\/div>\n\t<\/div>\n<\/div><\/div><\/div><\/div>\n<div style=\"display: flex; justify-content: center;\">\n<div style=\"max-width: 800px;\">\n<div    class=\"vc_row wpb_row section vc_row-fluid\" style=' text-align:left;'><div class=\" full_section_inner clearfix\"><div class=\"wpb_column vc_column_container vc_col-sm-6\"><div class=\"wpb_wrapper\">\n\t<div class=\"wpb_text_column wpb_content_element \">\n\t\t<div class=\"wpb_wrapper\">\n\t\t\t<div id=\"attachment_199\" style=\"width: 310px\" class=\"wp-caption alignleft\"><img aria-describedby=\"caption-attachment-199\" loading=\"lazy\" class=\" wp-image-199\" src=\"https:\/\/i0.wp.com\/annicklonguetart.com\/wp-content\/uploads\/2016\/09\/marilyn___-021.jpg?resize=300%2C204&#038;ssl=1\" alt=\"\u00c9tude rapide de drap\u00e9 \u00e0 l'aquarelle\" width=\"300\" height=\"204\" srcset=\"https:\/\/i0.wp.com\/annicklonguetart.com\/wp-content\/uploads\/2016\/09\/marilyn___-021.jpg?resize=300%2C204&amp;ssl=1 300w, https:\/\/i0.wp.com\/annicklonguetart.com\/wp-content\/uploads\/2016\/09\/marilyn___-021.jpg?resize=768%2C522&amp;ssl=1 768w, https:\/\/i0.wp.com\/annicklonguetart.com\/wp-content\/uploads\/2016\/09\/marilyn___-021.jpg?resize=1024%2C697&amp;ssl=1 1024w, https:\/\/i0.wp.com\/annicklonguetart.com\/wp-content\/uploads\/2016\/09\/marilyn___-021.jpg?resize=700%2C476&amp;ssl=1 700w, https:\/\/i0.wp.com\/annicklonguetart.com\/wp-content\/uploads\/2016\/09\/marilyn___-021.jpg?w=2120&amp;ssl=1 2120w, https:\/\/i0.wp.com\/annicklonguetart.com\/wp-content\/uploads\/2016\/09\/marilyn___-021.jpg?w=3180&amp;ssl=1 3180w\" sizes=\"(max-width: 300px) 100vw, 300px\" data-recalc-dims=\"1\" \/><p id=\"caption-attachment-199\" class=\"wp-caption-text\">\u00c9tude rapide de drap\u00e9 \u00e0 l&rsquo;aquarelle<\/p><\/div><br \/>\n<div id=\"attachment_212\" style=\"width: 268px\" class=\"wp-caption alignleft\"><img aria-describedby=\"caption-attachment-212\" loading=\"lazy\" class=\"wp-image-212 size-medium\" src=\"https:\/\/i0.wp.com\/annicklonguetart.com\/wp-content\/uploads\/2016\/09\/2016-07-Atelier-Jardin-Fontaine-IMG_8150-1.jpg?resize=258%2C300&#038;ssl=1\" alt=\"2016-07 Atelier Jardin Fontaine IMG_8150 (1)\" width=\"258\" height=\"300\" srcset=\"https:\/\/i0.wp.com\/annicklonguetart.com\/wp-content\/uploads\/2016\/09\/2016-07-Atelier-Jardin-Fontaine-IMG_8150-1.jpg?resize=258%2C300&amp;ssl=1 258w, https:\/\/i0.wp.com\/annicklonguetart.com\/wp-content\/uploads\/2016\/09\/2016-07-Atelier-Jardin-Fontaine-IMG_8150-1.jpg?resize=768%2C892&amp;ssl=1 768w, https:\/\/i0.wp.com\/annicklonguetart.com\/wp-content\/uploads\/2016\/09\/2016-07-Atelier-Jardin-Fontaine-IMG_8150-1.jpg?resize=882%2C1024&amp;ssl=1 882w, https:\/\/i0.wp.com\/annicklonguetart.com\/wp-content\/uploads\/2016\/09\/2016-07-Atelier-Jardin-Fontaine-IMG_8150-1.jpg?resize=700%2C813&amp;ssl=1 700w, https:\/\/i0.wp.com\/annicklonguetart.com\/wp-content\/uploads\/2016\/09\/2016-07-Atelier-Jardin-Fontaine-IMG_8150-1.jpg?w=2120&amp;ssl=1 2120w\" sizes=\"(max-width: 258px) 100vw, 258px\" data-recalc-dims=\"1\" \/><p id=\"caption-attachment-212\" class=\"wp-caption-text\">Technique de mesure des proportions<\/p><\/div>\n<h4><\/h4>\n<\/div>\n<h4><\/h4>\n<div style=\"max-width: 800px;\">\n<h4><\/h4>\n<h4><span style=\"color: #736f6f;\"><\/p>\n\n\t\t<\/div>\n\t<\/div>\n<\/div><\/div><div class=\"wpb_column vc_column_container vc_col-sm-6\"><div class=\"wpb_wrapper\">\n\t<div class=\"wpb_text_column wpb_content_element \">\n\t\t<div class=\"wpb_wrapper\">\n\t\t\t<p><\/span><\/h4>\n<h4 style=\"text-align: left;\"><span style=\"color: #736f6f;\">Le cours d&rsquo;arts appliqu\u00e9s permet l\u2019acquisition de <strong>bases solides dans la pratique du dessin<\/strong>&nbsp;: composition, perspective, proportion, dessin analytique et croquis) ainsi qu\u2019une sensibilisation \u00e0 <strong>la couleur<\/strong>.<\/span><\/h4>\n<p>&nbsp;<\/p>\n\n\t\t<\/div>\n\t<\/div>\n<\/div><\/div><div class=\"wpb_column vc_column_container vc_col-sm-6\"><div class=\"wpb_wrapper\">\n\t<div class=\"wpb_text_column wpb_content_element \">\n\t\t<div class=\"wpb_wrapper\">\n\t\t\t<h4><\/h4>\n<div id=\"attachment_206\" style=\"width: 340px\" class=\"wp-caption alignright\"><img aria-describedby=\"caption-attachment-206\" loading=\"lazy\" class=\"wp-image-206\" src=\"https:\/\/i0.wp.com\/annicklonguetart.com\/wp-content\/uploads\/2016\/09\/arts-apliqu\u00e9s.jpg?resize=330%2C218&#038;ssl=1\" alt=\"arts apliqu\u00e9s\" width=\"330\" height=\"218\" srcset=\"https:\/\/i0.wp.com\/annicklonguetart.com\/wp-content\/uploads\/2016\/09\/arts-apliqu\u00e9s.jpg?resize=300%2C198&amp;ssl=1 300w, https:\/\/i0.wp.com\/annicklonguetart.com\/wp-content\/uploads\/2016\/09\/arts-apliqu\u00e9s.jpg?resize=768%2C507&amp;ssl=1 768w, https:\/\/i0.wp.com\/annicklonguetart.com\/wp-content\/uploads\/2016\/09\/arts-apliqu\u00e9s.jpg?resize=1024%2C677&amp;ssl=1 1024w, https:\/\/i0.wp.com\/annicklonguetart.com\/wp-content\/uploads\/2016\/09\/arts-apliqu\u00e9s.jpg?resize=700%2C463&amp;ssl=1 700w, https:\/\/i0.wp.com\/annicklonguetart.com\/wp-content\/uploads\/2016\/09\/arts-apliqu\u00e9s.jpg?w=2120&amp;ssl=1 2120w, https:\/\/i0.wp.com\/annicklonguetart.com\/wp-content\/uploads\/2016\/09\/arts-apliqu\u00e9s.jpg?w=3180&amp;ssl=1 3180w\" sizes=\"(max-width: 330px) 100vw, 330px\" data-recalc-dims=\"1\" \/><p id=\"caption-attachment-206\" class=\"wp-caption-text\"><span style=\"color: #736f6f;\">\u00c9tude d&rsquo;objet \u00e0 la gouache, travail &nbsp;sur la mati\u00e8re<\/span><\/p><\/div>\n<p>&nbsp;<br \/>\n&nbsp;<br \/>\n&nbsp;<br \/>\n&nbsp;<br \/>\n&nbsp;<br \/>\n&nbsp;<br \/>\n&nbsp;<br \/>\n&nbsp;<br \/>\n&nbsp;<br \/>\n&nbsp;<\/p>\n<h4 style=\"text-align: justify;\"><span style=\"line-height: 1.5;\"><br \/>\n&nbsp;<span style=\"color: #736f6f;\"> Initiation aux <strong>m\u00e9tiers de<\/strong> <strong>design&nbsp;:<\/strong> design d\u2019espace, graphisme, design de produit et de mode, par des <strong>exercices cr\u00e9atifs m\u00ealant pratique et th\u00e9orie<\/strong>.<\/span><br \/>\n<\/span><\/h4>\n\n\t\t<\/div>\n\t<\/div>\n<\/div><\/div><\/div><\/div>\n<\/div>\n<\/div>\n<h3><\/h3>\n<h3 style=\"text-align: center;\"><img loading=\"lazy\" class=\"wp-image-770 alignright\" src=\"https:\/\/i0.wp.com\/annicklonguetart.com\/wp-content\/uploads\/2016\/08\/IMG-0014.jpg?resize=330%2C433&#038;ssl=1\" alt=\"\" width=\"330\" height=\"433\" srcset=\"https:\/\/i0.wp.com\/annicklonguetart.com\/wp-content\/uploads\/2016\/08\/IMG-0014.jpg?resize=229%2C300&amp;ssl=1 229w, https:\/\/i0.wp.com\/annicklonguetart.com\/wp-content\/uploads\/2016\/08\/IMG-0014.jpg?resize=768%2C1007&amp;ssl=1 768w, https:\/\/i0.wp.com\/annicklonguetart.com\/wp-content\/uploads\/2016\/08\/IMG-0014.jpg?resize=781%2C1024&amp;ssl=1 781w, https:\/\/i0.wp.com\/annicklonguetart.com\/wp-content\/uploads\/2016\/08\/IMG-0014.jpg?resize=700%2C918&amp;ssl=1 700w, https:\/\/i0.wp.com\/annicklonguetart.com\/wp-content\/uploads\/2016\/08\/IMG-0014.jpg?w=2120&amp;ssl=1 2120w\" sizes=\"(max-width: 330px) 100vw, 330px\" data-recalc-dims=\"1\" \/><\/h3>\n<h3 style=\"text-align: center;\"><img loading=\"lazy\" class=\"wp-image-763 alignleft\" src=\"https:\/\/i0.wp.com\/annicklonguetart.com\/wp-content\/uploads\/2016\/08\/20190905_111642.jpg?resize=228%2C433&#038;ssl=1\" alt=\"\" width=\"228\" height=\"433\" srcset=\"https:\/\/i0.wp.com\/annicklonguetart.com\/wp-content\/uploads\/2016\/08\/20190905_111642.jpg?resize=158%2C300&amp;ssl=1 158w, https:\/\/i0.wp.com\/annicklonguetart.com\/wp-content\/uploads\/2016\/08\/20190905_111642.jpg?resize=768%2C1456&amp;ssl=1 768w, https:\/\/i0.wp.com\/annicklonguetart.com\/wp-content\/uploads\/2016\/08\/20190905_111642.jpg?resize=540%2C1024&amp;ssl=1 540w, https:\/\/i0.wp.com\/annicklonguetart.com\/wp-content\/uploads\/2016\/08\/20190905_111642.jpg?resize=700%2C1327&amp;ssl=1 700w, https:\/\/i0.wp.com\/annicklonguetart.com\/wp-content\/uploads\/2016\/08\/20190905_111642.jpg?w=1965&amp;ssl=1 1965w\" sizes=\"(max-width: 228px) 100vw, 228px\" data-recalc-dims=\"1\" \/><\/h3>\n<h3 style=\"text-align: center;\"><strong><span style=\"color: #808080;\">Se renseigner directement pour la pr\u00e9pa au<\/p>\n<h3 id=\"renseignement-par-telephone-au-0687088682\"><strong>&nbsp;<a href=\"tel:+33687088682\" target=\"_blank\" rel=\"noreferrer noopener\" data-type=\"tel\" data-id=\"tel:+33687088682\"> 06.87.08.86.82<\/a><\/strong><\/h3>\n<p><\/span><\/strong><strong><\/strong><strong><\/strong><\/h3>\n","protected":false},"excerpt":{"rendered":"<p>Se renseigner directement pour la pr\u00e9pa au &nbsp; 06.87.08.86.82<\/p>\n","protected":false},"author":1,"featured_media":0,"parent":0,"menu_order":0,"comment_status":"closed","ping_status":"closed","template":"","meta":{"_uag_custom_page_level_css":"","jetpack_post_was_ever_published":false},"yoast_head":"<!-- This site is optimized with the Yoast SEO plugin v19.13 - https:\/\/yoast.com\/wordpress\/plugins\/seo\/ -->\n<title>Pr\u00e9paration aux concours des grandes \u00e9coles - Le Regard, \u00e9cole de dessin et peinture<\/title>\n<meta name=\"robots\" content=\"index, follow, max-snippet:-1, max-image-preview:large, max-video-preview:-1\" \/>\n<link rel=\"canonical\" href=\"https:\/\/annicklonguetart.com\/?page_id=161\" \/>\n<meta property=\"og:locale\" content=\"fr_FR\" \/>\n<meta property=\"og:type\" content=\"article\" \/>\n<meta property=\"og:title\" content=\"Pr\u00e9paration aux concours des grandes \u00e9coles - Le Regard, \u00e9cole de dessin et peinture\" \/>\n<meta property=\"og:description\" content=\"Se renseigner directement pour la pr\u00e9pa au &nbsp; 06.87.08.86.82\" \/>\n<meta property=\"og:url\" content=\"https:\/\/annicklonguetart.com\/?page_id=161\" \/>\n<meta property=\"og:site_name\" content=\"Le Regard, \u00e9cole de dessin et peinture\" \/>\n<meta property=\"article:modified_time\" content=\"2022-12-20T15:10:53+00:00\" \/>\n<meta property=\"og:image\" content=\"http:\/\/annicklonguetart.com\/wp-content\/uploads\/2016\/08\/pochette-art-1.jpg\" \/>\n<meta name=\"twitter:card\" content=\"summary_large_image\" \/>\n<meta name=\"twitter:label1\" content=\"Dur\u00e9e de lecture estim\u00e9e\" \/>\n\t<meta name=\"twitter:data1\" content=\"3 minutes\" \/>\n<script type=\"application\/ld+json\" class=\"yoast-schema-graph\">{\"@context\":\"https:\/\/schema.org\",\"@graph\":[{\"@type\":\"WebPage\",\"@id\":\"https:\/\/annicklonguetart.com\/?page_id=161\",\"url\":\"https:\/\/annicklonguetart.com\/?page_id=161\",\"name\":\"Pr\u00e9paration aux concours des grandes \u00e9coles - Le Regard, \u00e9cole de dessin et peinture\",\"isPartOf\":{\"@id\":\"https:\/\/annicklonguetart.com\/#website\"},\"datePublished\":\"2016-08-22T18:19:13+00:00\",\"dateModified\":\"2022-12-20T15:10:53+00:00\",\"breadcrumb\":{\"@id\":\"https:\/\/annicklonguetart.com\/?page_id=161#breadcrumb\"},\"inLanguage\":\"fr-FR\",\"potentialAction\":[{\"@type\":\"ReadAction\",\"target\":[\"https:\/\/annicklonguetart.com\/?page_id=161\"]}]},{\"@type\":\"BreadcrumbList\",\"@id\":\"https:\/\/annicklonguetart.com\/?page_id=161#breadcrumb\",\"itemListElement\":[{\"@type\":\"ListItem\",\"position\":1,\"name\":\"Accueil\",\"item\":\"https:\/\/annicklonguetart.com\/\"},{\"@type\":\"ListItem\",\"position\":2,\"name\":\"Pr\u00e9paration aux concours des grandes \u00e9coles\"}]},{\"@type\":\"WebSite\",\"@id\":\"https:\/\/annicklonguetart.com\/#website\",\"url\":\"https:\/\/annicklonguetart.com\/\",\"name\":\"Le Regard, \u00e9cole de dessin et peinture\",\"description\":\"Le Regard, \u00e9cole d&#039;art \u00e0 N\u00eemes, peinture, dessin, travaux cr\u00e9atifs\",\"publisher\":{\"@id\":\"https:\/\/annicklonguetart.com\/#organization\"},\"potentialAction\":[{\"@type\":\"SearchAction\",\"target\":{\"@type\":\"EntryPoint\",\"urlTemplate\":\"https:\/\/annicklonguetart.com\/?s={search_term_string}\"},\"query-input\":\"required name=search_term_string\"}],\"inLanguage\":\"fr-FR\"},{\"@type\":\"Organization\",\"@id\":\"https:\/\/annicklonguetart.com\/#organization\",\"name\":\"Le Regard\",\"url\":\"https:\/\/annicklonguetart.com\/\",\"logo\":{\"@type\":\"ImageObject\",\"inLanguage\":\"fr-FR\",\"@id\":\"https:\/\/annicklonguetart.com\/#\/schema\/logo\/image\/\",\"url\":\"https:\/\/i0.wp.com\/annicklonguetart.com\/wp-content\/uploads\/2016\/04\/logo.png?fit=250%2C54&ssl=1\",\"contentUrl\":\"https:\/\/i0.wp.com\/annicklonguetart.com\/wp-content\/uploads\/2016\/04\/logo.png?fit=250%2C54&ssl=1\",\"width\":250,\"height\":54,\"caption\":\"Le Regard\"},\"image\":{\"@id\":\"https:\/\/annicklonguetart.com\/#\/schema\/logo\/image\/\"}}]}<\/script>\n<!-- \/ Yoast SEO plugin. -->","yoast_head_json":{"title":"Pr\u00e9paration aux concours des grandes \u00e9coles - Le Regard, \u00e9cole de dessin et peinture","robots":{"index":"index","follow":"follow","max-snippet":"max-snippet:-1","max-image-preview":"max-image-preview:large","max-video-preview":"max-video-preview:-1"},"canonical":"https:\/\/annicklonguetart.com\/?page_id=161","og_locale":"fr_FR","og_type":"article","og_title":"Pr\u00e9paration aux concours des grandes \u00e9coles - Le Regard, \u00e9cole de dessin et peinture","og_description":"Se renseigner directement pour la pr\u00e9pa au &nbsp; 06.87.08.86.82","og_url":"https:\/\/annicklonguetart.com\/?page_id=161","og_site_name":"Le Regard, \u00e9cole de dessin et peinture","article_modified_time":"2022-12-20T15:10:53+00:00","og_image":[{"url":"http:\/\/annicklonguetart.com\/wp-content\/uploads\/2016\/08\/pochette-art-1.jpg"}],"twitter_card":"summary_large_image","twitter_misc":{"Dur\u00e9e de lecture estim\u00e9e":"3 minutes"},"schema":{"@context":"https:\/\/schema.org","@graph":[{"@type":"WebPage","@id":"https:\/\/annicklonguetart.com\/?page_id=161","url":"https:\/\/annicklonguetart.com\/?page_id=161","name":"Pr\u00e9paration aux concours des grandes \u00e9coles - Le Regard, \u00e9cole de dessin et peinture","isPartOf":{"@id":"https:\/\/annicklonguetart.com\/#website"},"datePublished":"2016-08-22T18:19:13+00:00","dateModified":"2022-12-20T15:10:53+00:00","breadcrumb":{"@id":"https:\/\/annicklonguetart.com\/?page_id=161#breadcrumb"},"inLanguage":"fr-FR","potentialAction":[{"@type":"ReadAction","target":["https:\/\/annicklonguetart.com\/?page_id=161"]}]},{"@type":"BreadcrumbList","@id":"https:\/\/annicklonguetart.com\/?page_id=161#breadcrumb","itemListElement":[{"@type":"ListItem","position":1,"name":"Accueil","item":"https:\/\/annicklonguetart.com\/"},{"@type":"ListItem","position":2,"name":"Pr\u00e9paration aux concours des grandes \u00e9coles"}]},{"@type":"WebSite","@id":"https:\/\/annicklonguetart.com\/#website","url":"https:\/\/annicklonguetart.com\/","name":"Le Regard, \u00e9cole de dessin et peinture","description":"Le Regard, \u00e9cole d&#039;art \u00e0 N\u00eemes, peinture, dessin, travaux cr\u00e9atifs","publisher":{"@id":"https:\/\/annicklonguetart.com\/#organization"},"potentialAction":[{"@type":"SearchAction","target":{"@type":"EntryPoint","urlTemplate":"https:\/\/annicklonguetart.com\/?s={search_term_string}"},"query-input":"required name=search_term_string"}],"inLanguage":"fr-FR"},{"@type":"Organization","@id":"https:\/\/annicklonguetart.com\/#organization","name":"Le Regard","url":"https:\/\/annicklonguetart.com\/","logo":{"@type":"ImageObject","inLanguage":"fr-FR","@id":"https:\/\/annicklonguetart.com\/#\/schema\/logo\/image\/","url":"https:\/\/i0.wp.com\/annicklonguetart.com\/wp-content\/uploads\/2016\/04\/logo.png?fit=250%2C54&ssl=1","contentUrl":"https:\/\/i0.wp.com\/annicklonguetart.com\/wp-content\/uploads\/2016\/04\/logo.png?fit=250%2C54&ssl=1","width":250,"height":54,"caption":"Le Regard"},"image":{"@id":"https:\/\/annicklonguetart.com\/#\/schema\/logo\/image\/"}}]}},"uagb_featured_image_src":{"full":false,"thumbnail":false,"medium":false,"medium_large":false,"large":false,"1536x1536":false,"2048x2048":false,"portfolio-square":false,"portfolio-portrait":false,"portfolio-landscape":false,"menu-featured-post":false,"supra-carousel_slider":false,"portfolio_slider":false,"portfolio_masonry_regular":false,"portfolio_masonry_wide":false,"portfolio_masonry_tall":false,"portfolio_masonry_large":false,"portfolio_masonry_with_space":false,"latest_post_boxes":false},"uagb_author_info":{"display_name":"admin1268","author_link":"https:\/\/annicklonguetart.com\/?author=1"},"uagb_comment_info":0,"uagb_excerpt":"Se renseigner directement pour la pr\u00e9pa au &nbsp; 06.87.08.86.82","jetpack_sharing_enabled":true,"jetpack_shortlink":"https:\/\/wp.me\/Pab7YV-2B","_links":{"self":[{"href":"https:\/\/annicklonguetart.com\/index.php?rest_route=\/wp\/v2\/pages\/161"}],"collection":[{"href":"https:\/\/annicklonguetart.com\/index.php?rest_route=\/wp\/v2\/pages"}],"about":[{"href":"https:\/\/annicklonguetart.com\/index.php?rest_route=\/wp\/v2\/types\/page"}],"author":[{"embeddable":true,"href":"https:\/\/annicklonguetart.com\/index.php?rest_route=\/wp\/v2\/users\/1"}],"replies":[{"embeddable":true,"href":"https:\/\/annicklonguetart.com\/index.php?rest_route=%2Fwp%2Fv2%2Fcomments&post=161"}],"version-history":[{"count":36,"href":"https:\/\/annicklonguetart.com\/index.php?rest_route=\/wp\/v2\/pages\/161\/revisions"}],"predecessor-version":[{"id":1099,"href":"https:\/\/annicklonguetart.com\/index.php?rest_route=\/wp\/v2\/pages\/161\/revisions\/1099"}],"wp:attachment":[{"href":"https:\/\/annicklonguetart.com\/index.php?rest_route=%2Fwp%2Fv2%2Fmedia&parent=161"}],"curies":[{"name":"wp","href":"https:\/\/api.w.org\/{rel}","templated":true}]}}