{"id":29,"date":"2016-04-02T11:16:54","date_gmt":"2016-04-02T10:16:54","guid":{"rendered":"http:\/\/annicklonguetart.com\/?page_id=29"},"modified":"2022-12-20T16:06:31","modified_gmt":"2022-12-20T15:06:31","slug":"contact","status":"publish","type":"page","link":"https:\/\/annicklonguetart.com\/?page_id=29","title":{"rendered":"Contact"},"content":{"rendered":"<p>&nbsp;<\/p>\n<div    class=\"vc_row wpb_row section vc_row-fluid\" style=' text-align:left;'><div class=\" full_section_inner clearfix\"><div class=\"wpb_column vc_column_container vc_col-sm-12\"><div class=\"wpb_wrapper\">\n\t<div class=\"wpb_text_column wpb_content_element \">\n\t\t<div class=\"wpb_wrapper\">\n\t\t\t<p>Ecole d&rsquo;Art Annick Longuet<\/p>\n<p>Cours de dessin et peinture<\/p>\n<p>62 rue Notre Dame<br \/>30000 N\u00eemes<\/p>\n<p>Tel:<a href=\"tel:+33687088682\" target=\"_blank\" rel=\"noreferrer noopener\" data-type=\"tel\" data-id=\"tel:+33687088682\"> 06.87.08.86.82<\/a><\/p>\n<p>&nbsp; <p=\"\">\n\n\t\t<\/div>\n\t<\/div>\n<div class=\"wpb_column vc_column_container vc_col-sm-4\"><div class=\"wpb_wrapper\"><\/div><\/div><\/div><\/div><\/div><\/div><div    class=\"vc_row wpb_row section vc_row-fluid\" style=' text-align:left;'><div class=\" full_section_inner clearfix\"><div class=\"wpb_column vc_column_container vc_col-sm-12\"><div class=\"wpb_wrapper\"><div class=\"wpb_gmaps_widget wpb_content_element\">\n\t<div class=\"wpb_wrapper\">\n\t<div class=\"wpb_map_wraper\">\n\t\t<iframe src=\"https:\/\/www.google.com\/maps\/embed?pb=!1m18!1m12!1m3!1d11511.262721934301!2d4.361170264129131!3d43.838919611615346!2m3!1f0!2f0!3f0!3m2!1i1024!2i768!4f13.1!3m3!1m2!1s0x12b42d1303d56cad%3A0x92a1b32a6ca8dba3!2s62+Rue+Notre+Dame%2C+30000+N%C3%AEmes!5e0!3m2!1sfr!2sfr!4v1461592266779\" width=\"600\" height=\"300\" frameborder=\"0\" style=\"border:0\" allowfullscreen><\/iframe>\t<\/div>\n\t<\/div>\n\t<\/div>\n<\/div><\/div><\/div><\/div><\/p=\"\"><\/p>\n\n\n<p><\/p>\n\n\n<p>&nbsp;<br>\n&nbsp;<\/p>","protected":false},"excerpt":{"rendered":"<p>&nbsp; &nbsp; &nbsp;<\/p>\n","protected":false},"author":1,"featured_media":0,"parent":0,"menu_order":0,"comment_status":"closed","ping_status":"closed","template":"contact-page.php","meta":{"_uag_custom_page_level_css":"","jetpack_post_was_ever_published":false},"yoast_head":"<!-- This site is optimized with the Yoast SEO plugin v19.13 - https:\/\/yoast.com\/wordpress\/plugins\/seo\/ -->\n<title>Contact - Le Regard, \u00e9cole de dessin et peinture<\/title>\n<meta name=\"robots\" content=\"index, follow, max-snippet:-1, max-image-preview:large, max-video-preview:-1\" \/>\n<link rel=\"canonical\" href=\"https:\/\/annicklonguetart.com\/?page_id=29\" \/>\n<meta property=\"og:locale\" content=\"fr_FR\" \/>\n<meta property=\"og:type\" content=\"article\" \/>\n<meta property=\"og:title\" content=\"Contact - Le Regard, \u00e9cole de dessin et peinture\" \/>\n<meta property=\"og:description\" content=\"&nbsp; &nbsp; &nbsp;\" \/>\n<meta property=\"og:url\" content=\"https:\/\/annicklonguetart.com\/?page_id=29\" \/>\n<meta property=\"og:site_name\" content=\"Le Regard, \u00e9cole de dessin et peinture\" \/>\n<meta property=\"article:modified_time\" content=\"2022-12-20T15:06:31+00:00\" \/>\n<meta name=\"twitter:card\" content=\"summary_large_image\" \/>\n<meta name=\"twitter:label1\" content=\"Dur\u00e9e de lecture estim\u00e9e\" \/>\n\t<meta name=\"twitter:data1\" content=\"1 minute\" \/>\n<script type=\"application\/ld+json\" class=\"yoast-schema-graph\">{\"@context\":\"https:\/\/schema.org\",\"@graph\":[{\"@type\":\"WebPage\",\"@id\":\"https:\/\/annicklonguetart.com\/?page_id=29\",\"url\":\"https:\/\/annicklonguetart.com\/?page_id=29\",\"name\":\"Contact - Le Regard, \u00e9cole de dessin et peinture\",\"isPartOf\":{\"@id\":\"https:\/\/annicklonguetart.com\/#website\"},\"datePublished\":\"2016-04-02T10:16:54+00:00\",\"dateModified\":\"2022-12-20T15:06:31+00:00\",\"breadcrumb\":{\"@id\":\"https:\/\/annicklonguetart.com\/?page_id=29#breadcrumb\"},\"inLanguage\":\"fr-FR\",\"potentialAction\":[{\"@type\":\"ReadAction\",\"target\":[\"https:\/\/annicklonguetart.com\/?page_id=29\"]}]},{\"@type\":\"BreadcrumbList\",\"@id\":\"https:\/\/annicklonguetart.com\/?page_id=29#breadcrumb\",\"itemListElement\":[{\"@type\":\"ListItem\",\"position\":1,\"name\":\"Accueil\",\"item\":\"https:\/\/annicklonguetart.com\/\"},{\"@type\":\"ListItem\",\"position\":2,\"name\":\"Contact\"}]},{\"@type\":\"WebSite\",\"@id\":\"https:\/\/annicklonguetart.com\/#website\",\"url\":\"https:\/\/annicklonguetart.com\/\",\"name\":\"Le Regard, \u00e9cole de dessin et peinture\",\"description\":\"Le Regard, \u00e9cole d&#039;art \u00e0 N\u00eemes, peinture, dessin, travaux cr\u00e9atifs\",\"publisher\":{\"@id\":\"https:\/\/annicklonguetart.com\/#organization\"},\"potentialAction\":[{\"@type\":\"SearchAction\",\"target\":{\"@type\":\"EntryPoint\",\"urlTemplate\":\"https:\/\/annicklonguetart.com\/?s={search_term_string}\"},\"query-input\":\"required name=search_term_string\"}],\"inLanguage\":\"fr-FR\"},{\"@type\":\"Organization\",\"@id\":\"https:\/\/annicklonguetart.com\/#organization\",\"name\":\"Le Regard\",\"url\":\"https:\/\/annicklonguetart.com\/\",\"logo\":{\"@type\":\"ImageObject\",\"inLanguage\":\"fr-FR\",\"@id\":\"https:\/\/annicklonguetart.com\/#\/schema\/logo\/image\/\",\"url\":\"https:\/\/i0.wp.com\/annicklonguetart.com\/wp-content\/uploads\/2016\/04\/logo.png?fit=250%2C54&ssl=1\",\"contentUrl\":\"https:\/\/i0.wp.com\/annicklonguetart.com\/wp-content\/uploads\/2016\/04\/logo.png?fit=250%2C54&ssl=1\",\"width\":250,\"height\":54,\"caption\":\"Le Regard\"},\"image\":{\"@id\":\"https:\/\/annicklonguetart.com\/#\/schema\/logo\/image\/\"}}]}<\/script>\n<!-- \/ Yoast SEO plugin. -->","yoast_head_json":{"title":"Contact - Le Regard, \u00e9cole de dessin et peinture","robots":{"index":"index","follow":"follow","max-snippet":"max-snippet:-1","max-image-preview":"max-image-preview:large","max-video-preview":"max-video-preview:-1"},"canonical":"https:\/\/annicklonguetart.com\/?page_id=29","og_locale":"fr_FR","og_type":"article","og_title":"Contact - Le Regard, \u00e9cole de dessin et peinture","og_description":"&nbsp; &nbsp; &nbsp;","og_url":"https:\/\/annicklonguetart.com\/?page_id=29","og_site_name":"Le Regard, \u00e9cole de dessin et peinture","article_modified_time":"2022-12-20T15:06:31+00:00","twitter_card":"summary_large_image","twitter_misc":{"Dur\u00e9e de lecture estim\u00e9e":"1 minute"},"schema":{"@context":"https:\/\/schema.org","@graph":[{"@type":"WebPage","@id":"https:\/\/annicklonguetart.com\/?page_id=29","url":"https:\/\/annicklonguetart.com\/?page_id=29","name":"Contact - Le Regard, \u00e9cole de dessin et peinture","isPartOf":{"@id":"https:\/\/annicklonguetart.com\/#website"},"datePublished":"2016-04-02T10:16:54+00:00","dateModified":"2022-12-20T15:06:31+00:00","breadcrumb":{"@id":"https:\/\/annicklonguetart.com\/?page_id=29#breadcrumb"},"inLanguage":"fr-FR","potentialAction":[{"@type":"ReadAction","target":["https:\/\/annicklonguetart.com\/?page_id=29"]}]},{"@type":"BreadcrumbList","@id":"https:\/\/annicklonguetart.com\/?page_id=29#breadcrumb","itemListElement":[{"@type":"ListItem","position":1,"name":"Accueil","item":"https:\/\/annicklonguetart.com\/"},{"@type":"ListItem","position":2,"name":"Contact"}]},{"@type":"WebSite","@id":"https:\/\/annicklonguetart.com\/#website","url":"https:\/\/annicklonguetart.com\/","name":"Le Regard, \u00e9cole de dessin et peinture","description":"Le Regard, \u00e9cole d&#039;art \u00e0 N\u00eemes, peinture, dessin, travaux cr\u00e9atifs","publisher":{"@id":"https:\/\/annicklonguetart.com\/#organization"},"potentialAction":[{"@type":"SearchAction","target":{"@type":"EntryPoint","urlTemplate":"https:\/\/annicklonguetart.com\/?s={search_term_string}"},"query-input":"required name=search_term_string"}],"inLanguage":"fr-FR"},{"@type":"Organization","@id":"https:\/\/annicklonguetart.com\/#organization","name":"Le Regard","url":"https:\/\/annicklonguetart.com\/","logo":{"@type":"ImageObject","inLanguage":"fr-FR","@id":"https:\/\/annicklonguetart.com\/#\/schema\/logo\/image\/","url":"https:\/\/i0.wp.com\/annicklonguetart.com\/wp-content\/uploads\/2016\/04\/logo.png?fit=250%2C54&ssl=1","contentUrl":"https:\/\/i0.wp.com\/annicklonguetart.com\/wp-content\/uploads\/2016\/04\/logo.png?fit=250%2C54&ssl=1","width":250,"height":54,"caption":"Le Regard"},"image":{"@id":"https:\/\/annicklonguetart.com\/#\/schema\/logo\/image\/"}}]}},"uagb_featured_image_src":{"full":false,"thumbnail":false,"medium":false,"medium_large":false,"large":false,"1536x1536":false,"2048x2048":false,"portfolio-square":false,"portfolio-portrait":false,"portfolio-landscape":false,"menu-featured-post":false,"supra-carousel_slider":false,"portfolio_slider":false,"portfolio_masonry_regular":false,"portfolio_masonry_wide":false,"portfolio_masonry_tall":false,"portfolio_masonry_large":false,"portfolio_masonry_with_space":false,"latest_post_boxes":false},"uagb_author_info":{"display_name":"admin1268","author_link":"https:\/\/annicklonguetart.com\/?author=1"},"uagb_comment_info":0,"uagb_excerpt":"&nbsp; &nbsp; &nbsp;","jetpack_sharing_enabled":true,"jetpack_shortlink":"https:\/\/wp.me\/Pab7YV-t","_links":{"self":[{"href":"https:\/\/annicklonguetart.com\/index.php?rest_route=\/wp\/v2\/pages\/29"}],"collection":[{"href":"https:\/\/annicklonguetart.com\/index.php?rest_route=\/wp\/v2\/pages"}],"about":[{"href":"https:\/\/annicklonguetart.com\/index.php?rest_route=\/wp\/v2\/types\/page"}],"author":[{"embeddable":true,"href":"https:\/\/annicklonguetart.com\/index.php?rest_route=\/wp\/v2\/users\/1"}],"replies":[{"embeddable":true,"href":"https:\/\/annicklonguetart.com\/index.php?rest_route=%2Fwp%2Fv2%2Fcomments&post=29"}],"version-history":[{"count":7,"href":"https:\/\/annicklonguetart.com\/index.php?rest_route=\/wp\/v2\/pages\/29\/revisions"}],"predecessor-version":[{"id":1097,"href":"https:\/\/annicklonguetart.com\/index.php?rest_route=\/wp\/v2\/pages\/29\/revisions\/1097"}],"wp:attachment":[{"href":"https:\/\/annicklonguetart.com\/index.php?rest_route=%2Fwp%2Fv2%2Fmedia&parent=29"}],"curies":[{"name":"wp","href":"https:\/\/api.w.org\/{rel}","templated":true}]}}