{"id":56,"date":"2016-06-16T15:08:48","date_gmt":"2016-06-16T14:08:48","guid":{"rendered":"http:\/\/annicklonguetart.com\/?page_id=56"},"modified":"2023-07-27T17:42:06","modified_gmt":"2023-07-27T16:42:06","slug":"ecole-dart-le-regard","status":"publish","type":"page","link":"https:\/\/annicklonguetart.com\/?page_id=56","title":{"rendered":"Ecole d&rsquo;art"},"content":{"rendered":"<div style=\"display: flex; justify-content: center;\">\n<div style=\"max-width: 800px;\">\n<h2><span style=\"color: #ff0000;\">Pr\u00e9sentation de l&rsquo;\u00e9cole<\/span><\/h2>\n<div class=\"wpb_text_column wpb_content_element  vc_custom_1466083947356\">\n\t\t<div class=\"wpb_wrapper\">\n\t\t\t\n\t\t<\/div>\n\t<\/div>\n<br \/>L&rsquo;\u00e9cole <i>Le regard<\/i> a \u00e9t\u00e9 cr\u00e9\u00e9e en 2006 par Annick Longuet, artiste peintre form\u00e9e aux Beaux Arts de N\u00eemes et d&rsquo;Avignon. Avec cette initiative elle a eu la volont\u00e9 de cr\u00e9er une \u00c9cole d&rsquo;Art ouverte \u00e0 tous niveaux mais d&rsquo;une grande exigence artistique et p\u00e9dagogique.<\/p>\n<p>Un enseignement pluridisciplinaire passant d&rsquo;un apprentissage acad\u00e9mique, \u00e0 une approche plus cr\u00e9ative ouverte \u00e0 l&rsquo;abstraction, aux recherches sur la mati\u00e8re par des collages et l&rsquo;utilisation de diff\u00e9rents m\u00e9diums (huile, aquarelle, pastel, encres, acrylique, gouache etc.) tout le mat\u00e9riel est enti\u00e8rement fourni par l&rsquo;\u00e9cole.<\/p>\n<p>L&rsquo;\u00e9cole Le Regard prend place dans un local spacieux et lumineux, si l&rsquo;\u00e9cole continue de s&rsquo;agrandir la volont\u00e9 de dispenser les cours en petit groupe est rest\u00e9e la m\u00eame pour une meilleure qualit\u00e9 de travail.<\/p>\n<p>\u00a0<\/p>\n<p><img loading=\"lazy\" class=\"aligncenter wp-image-320 size-full\" src=\"https:\/\/i0.wp.com\/annicklonguetart.com\/wp-content\/uploads\/2019\/12\/interieurDeLatelier.jpg?resize=1000%2C750&#038;ssl=1\" alt=\"int\u00e9rieur de l'atelier\" width=\"1000\" height=\"750\" data-recalc-dims=\"1\" \/><span style=\"color: #333333;\">\u00a0<span style=\"color: #808080;\"><strong>L&rsquo;Atelier un espace spacieux et lumineux<\/strong><\/span><\/span><\/p>\n<hr \/>\n<h2 id=\"information\"><span style=\"color: #ff9900;\">Informations sur la professeur<\/span><\/h2>\n<p style=\"text-align: center;\"><span style=\"text-decoration: underline; color: #ff6600;\"><strong><a style=\"color: #ff6600; text-decoration: underline;\" href=\"https:\/\/www.facebook.com\/ArtisteAnnickLonguet\/\">Annick Longuet<\/a> <\/strong><\/span><\/p>\n<p style=\"text-align: center;\">\u00a0 Annick Longuet \u00e0 l&rsquo;origine de la cr\u00e9ation de l&rsquo;\u00e9cole, artiste multiple, d&rsquo;une grande technicit\u00e9, dispense les cours pour les \u00e9tudiants en art et les adultes.\u00a0La fibre artistique est dans la famille d&rsquo;Annick Longuet depuis le XIX \u00e8me si\u00e8cle, son arri\u00e8re grand-p\u00e8re, Silas Broux, est un artiste reconnu du Nord de la France, dont les \u0153uvres sont aujourd&rsquo;hui conserv\u00e9es aux mus\u00e9es d&rsquo;Alen\u00e7on et de Roubaix.<\/p>\n<p style=\"text-align: center;\">Vous pouvez d\u00e9couvrir une partie du travail d&rsquo;Annick Longuet sur sa page Facebook c&rsquo;est par\u00a0<span style=\"text-decoration: underline; color: #ff0000;\"><a style=\"color: #ff0000; text-decoration: underline;\" href=\"https:\/\/www.facebook.com\/ArtisteAnnickLonguet\/\">ici<\/a><\/span><span style=\"color: #808080;\">.<\/span>\u00a0<\/p>\n<p style=\"text-align: center;\">\u00a0<\/p>\n<\/div>\n<\/div>\n\n\n<div class=\"wp-block-image\"><figure class=\"aligncenter size-full is-resized\"><img loading=\"lazy\" src=\"https:\/\/i0.wp.com\/annicklonguetart.com\/wp-content\/uploads\/2016\/03\/Annick-Longuet.jpg?resize=341%2C271&#038;ssl=1\" alt=\"\" class=\"wp-image-14\" width=\"341\" height=\"271\" srcset=\"https:\/\/i0.wp.com\/annicklonguetart.com\/wp-content\/uploads\/2016\/03\/Annick-Longuet.jpg?w=499&amp;ssl=1 499w, https:\/\/i0.wp.com\/annicklonguetart.com\/wp-content\/uploads\/2016\/03\/Annick-Longuet.jpg?resize=300%2C238&amp;ssl=1 300w\" sizes=\"(max-width: 341px) 100vw, 341px\" data-recalc-dims=\"1\" \/><\/figure><\/div>\n","protected":false},"excerpt":{"rendered":"<p>Pr\u00e9sentation de l&rsquo;\u00e9cole L&rsquo;\u00e9cole Le regard a \u00e9t\u00e9 cr\u00e9\u00e9e en 2006 par Annick Longuet, artiste peintre form\u00e9e aux Beaux Arts de N\u00eemes et d&rsquo;Avignon. Avec cette initiative elle a eu la volont\u00e9 de cr\u00e9er une \u00c9cole d&rsquo;Art ouverte \u00e0 tous niveaux mais d&rsquo;une grande exigence&#8230;<\/p>\n","protected":false},"author":1,"featured_media":0,"parent":0,"menu_order":0,"comment_status":"closed","ping_status":"closed","template":"","meta":{"_uag_custom_page_level_css":"","jetpack_post_was_ever_published":true},"yoast_head":"<!-- This site is optimized with the Yoast SEO plugin v19.13 - https:\/\/yoast.com\/wordpress\/plugins\/seo\/ -->\n<title>Ecole d&#039;art - Le Regard, \u00e9cole de dessin et peinture<\/title>\n<meta name=\"robots\" content=\"index, follow, max-snippet:-1, max-image-preview:large, max-video-preview:-1\" \/>\n<link rel=\"canonical\" href=\"https:\/\/annicklonguetart.com\/?page_id=56\" \/>\n<meta property=\"og:locale\" content=\"fr_FR\" \/>\n<meta property=\"og:type\" content=\"article\" \/>\n<meta property=\"og:title\" content=\"Ecole d&#039;art - Le Regard, \u00e9cole de dessin et peinture\" \/>\n<meta property=\"og:description\" content=\"Pr\u00e9sentation de l&rsquo;\u00e9cole L&rsquo;\u00e9cole Le regard a \u00e9t\u00e9 cr\u00e9\u00e9e en 2006 par Annick Longuet, artiste peintre form\u00e9e aux Beaux Arts de N\u00eemes et d&rsquo;Avignon. Avec cette initiative elle a eu la volont\u00e9 de cr\u00e9er une \u00c9cole d&rsquo;Art ouverte \u00e0 tous niveaux mais d&rsquo;une grande exigence...\" \/>\n<meta property=\"og:url\" content=\"https:\/\/annicklonguetart.com\/?page_id=56\" \/>\n<meta property=\"og:site_name\" content=\"Le Regard, \u00e9cole de dessin et peinture\" \/>\n<meta property=\"article:modified_time\" content=\"2023-07-27T16:42:06+00:00\" \/>\n<meta property=\"og:image\" content=\"https:\/\/annicklonguetart.com\/wp-content\/uploads\/2017\/06\/NUAGES-acrylique-sur-papier-copie.jpg\" \/>\n<meta name=\"twitter:card\" content=\"summary_large_image\" \/>\n<meta name=\"twitter:label1\" content=\"Dur\u00e9e de lecture estim\u00e9e\" \/>\n\t<meta name=\"twitter:data1\" content=\"2 minutes\" \/>\n<script type=\"application\/ld+json\" class=\"yoast-schema-graph\">{\"@context\":\"https:\/\/schema.org\",\"@graph\":[{\"@type\":\"WebPage\",\"@id\":\"https:\/\/annicklonguetart.com\/?page_id=56\",\"url\":\"https:\/\/annicklonguetart.com\/?page_id=56\",\"name\":\"Ecole d'art - Le Regard, \u00e9cole de dessin et peinture\",\"isPartOf\":{\"@id\":\"https:\/\/annicklonguetart.com\/#website\"},\"datePublished\":\"2016-06-16T14:08:48+00:00\",\"dateModified\":\"2023-07-27T16:42:06+00:00\",\"breadcrumb\":{\"@id\":\"https:\/\/annicklonguetart.com\/?page_id=56#breadcrumb\"},\"inLanguage\":\"fr-FR\",\"potentialAction\":[{\"@type\":\"ReadAction\",\"target\":[\"https:\/\/annicklonguetart.com\/?page_id=56\"]}]},{\"@type\":\"BreadcrumbList\",\"@id\":\"https:\/\/annicklonguetart.com\/?page_id=56#breadcrumb\",\"itemListElement\":[{\"@type\":\"ListItem\",\"position\":1,\"name\":\"Accueil\",\"item\":\"https:\/\/annicklonguetart.com\/\"},{\"@type\":\"ListItem\",\"position\":2,\"name\":\"Ecole d&rsquo;art\"}]},{\"@type\":\"WebSite\",\"@id\":\"https:\/\/annicklonguetart.com\/#website\",\"url\":\"https:\/\/annicklonguetart.com\/\",\"name\":\"Le Regard, \u00e9cole de dessin et peinture\",\"description\":\"Le Regard, \u00e9cole d&#039;art \u00e0 N\u00eemes, peinture, dessin, travaux cr\u00e9atifs\",\"publisher\":{\"@id\":\"https:\/\/annicklonguetart.com\/#organization\"},\"potentialAction\":[{\"@type\":\"SearchAction\",\"target\":{\"@type\":\"EntryPoint\",\"urlTemplate\":\"https:\/\/annicklonguetart.com\/?s={search_term_string}\"},\"query-input\":\"required name=search_term_string\"}],\"inLanguage\":\"fr-FR\"},{\"@type\":\"Organization\",\"@id\":\"https:\/\/annicklonguetart.com\/#organization\",\"name\":\"Le Regard\",\"url\":\"https:\/\/annicklonguetart.com\/\",\"logo\":{\"@type\":\"ImageObject\",\"inLanguage\":\"fr-FR\",\"@id\":\"https:\/\/annicklonguetart.com\/#\/schema\/logo\/image\/\",\"url\":\"https:\/\/i0.wp.com\/annicklonguetart.com\/wp-content\/uploads\/2016\/04\/logo.png?fit=250%2C54&ssl=1\",\"contentUrl\":\"https:\/\/i0.wp.com\/annicklonguetart.com\/wp-content\/uploads\/2016\/04\/logo.png?fit=250%2C54&ssl=1\",\"width\":250,\"height\":54,\"caption\":\"Le Regard\"},\"image\":{\"@id\":\"https:\/\/annicklonguetart.com\/#\/schema\/logo\/image\/\"}}]}<\/script>\n<!-- \/ Yoast SEO plugin. -->","yoast_head_json":{"title":"Ecole d'art - Le Regard, \u00e9cole de dessin et peinture","robots":{"index":"index","follow":"follow","max-snippet":"max-snippet:-1","max-image-preview":"max-image-preview:large","max-video-preview":"max-video-preview:-1"},"canonical":"https:\/\/annicklonguetart.com\/?page_id=56","og_locale":"fr_FR","og_type":"article","og_title":"Ecole d'art - Le Regard, \u00e9cole de dessin et peinture","og_description":"Pr\u00e9sentation de l&rsquo;\u00e9cole L&rsquo;\u00e9cole Le regard a \u00e9t\u00e9 cr\u00e9\u00e9e en 2006 par Annick Longuet, artiste peintre form\u00e9e aux Beaux Arts de N\u00eemes et d&rsquo;Avignon. Avec cette initiative elle a eu la volont\u00e9 de cr\u00e9er une \u00c9cole d&rsquo;Art ouverte \u00e0 tous niveaux mais d&rsquo;une grande exigence...","og_url":"https:\/\/annicklonguetart.com\/?page_id=56","og_site_name":"Le Regard, \u00e9cole de dessin et peinture","article_modified_time":"2023-07-27T16:42:06+00:00","og_image":[{"url":"https:\/\/annicklonguetart.com\/wp-content\/uploads\/2017\/06\/NUAGES-acrylique-sur-papier-copie.jpg"}],"twitter_card":"summary_large_image","twitter_misc":{"Dur\u00e9e de lecture estim\u00e9e":"2 minutes"},"schema":{"@context":"https:\/\/schema.org","@graph":[{"@type":"WebPage","@id":"https:\/\/annicklonguetart.com\/?page_id=56","url":"https:\/\/annicklonguetart.com\/?page_id=56","name":"Ecole d'art - Le Regard, \u00e9cole de dessin et peinture","isPartOf":{"@id":"https:\/\/annicklonguetart.com\/#website"},"datePublished":"2016-06-16T14:08:48+00:00","dateModified":"2023-07-27T16:42:06+00:00","breadcrumb":{"@id":"https:\/\/annicklonguetart.com\/?page_id=56#breadcrumb"},"inLanguage":"fr-FR","potentialAction":[{"@type":"ReadAction","target":["https:\/\/annicklonguetart.com\/?page_id=56"]}]},{"@type":"BreadcrumbList","@id":"https:\/\/annicklonguetart.com\/?page_id=56#breadcrumb","itemListElement":[{"@type":"ListItem","position":1,"name":"Accueil","item":"https:\/\/annicklonguetart.com\/"},{"@type":"ListItem","position":2,"name":"Ecole d&rsquo;art"}]},{"@type":"WebSite","@id":"https:\/\/annicklonguetart.com\/#website","url":"https:\/\/annicklonguetart.com\/","name":"Le Regard, \u00e9cole de dessin et peinture","description":"Le Regard, \u00e9cole d&#039;art \u00e0 N\u00eemes, peinture, dessin, travaux cr\u00e9atifs","publisher":{"@id":"https:\/\/annicklonguetart.com\/#organization"},"potentialAction":[{"@type":"SearchAction","target":{"@type":"EntryPoint","urlTemplate":"https:\/\/annicklonguetart.com\/?s={search_term_string}"},"query-input":"required name=search_term_string"}],"inLanguage":"fr-FR"},{"@type":"Organization","@id":"https:\/\/annicklonguetart.com\/#organization","name":"Le Regard","url":"https:\/\/annicklonguetart.com\/","logo":{"@type":"ImageObject","inLanguage":"fr-FR","@id":"https:\/\/annicklonguetart.com\/#\/schema\/logo\/image\/","url":"https:\/\/i0.wp.com\/annicklonguetart.com\/wp-content\/uploads\/2016\/04\/logo.png?fit=250%2C54&ssl=1","contentUrl":"https:\/\/i0.wp.com\/annicklonguetart.com\/wp-content\/uploads\/2016\/04\/logo.png?fit=250%2C54&ssl=1","width":250,"height":54,"caption":"Le Regard"},"image":{"@id":"https:\/\/annicklonguetart.com\/#\/schema\/logo\/image\/"}}]}},"uagb_featured_image_src":{"full":false,"thumbnail":false,"medium":false,"medium_large":false,"large":false,"1536x1536":false,"2048x2048":false,"portfolio-square":false,"portfolio-portrait":false,"portfolio-landscape":false,"menu-featured-post":false,"supra-carousel_slider":false,"portfolio_slider":false,"portfolio_masonry_regular":false,"portfolio_masonry_wide":false,"portfolio_masonry_tall":false,"portfolio_masonry_large":false,"portfolio_masonry_with_space":false,"latest_post_boxes":false},"uagb_author_info":{"display_name":"admin1268","author_link":"https:\/\/annicklonguetart.com\/?author=1"},"uagb_comment_info":0,"uagb_excerpt":"Pr\u00e9sentation de l&rsquo;\u00e9cole L&rsquo;\u00e9cole Le regard a \u00e9t\u00e9 cr\u00e9\u00e9e en 2006 par Annick Longuet, artiste peintre form\u00e9e aux Beaux Arts de N\u00eemes et d&rsquo;Avignon. Avec cette initiative elle a eu la volont\u00e9 de cr\u00e9er une \u00c9cole d&rsquo;Art ouverte \u00e0 tous niveaux mais d&rsquo;une grande exigence...","jetpack_sharing_enabled":true,"jetpack_shortlink":"https:\/\/wp.me\/Pab7YV-U","_links":{"self":[{"href":"https:\/\/annicklonguetart.com\/index.php?rest_route=\/wp\/v2\/pages\/56"}],"collection":[{"href":"https:\/\/annicklonguetart.com\/index.php?rest_route=\/wp\/v2\/pages"}],"about":[{"href":"https:\/\/annicklonguetart.com\/index.php?rest_route=\/wp\/v2\/types\/page"}],"author":[{"embeddable":true,"href":"https:\/\/annicklonguetart.com\/index.php?rest_route=\/wp\/v2\/users\/1"}],"replies":[{"embeddable":true,"href":"https:\/\/annicklonguetart.com\/index.php?rest_route=%2Fwp%2Fv2%2Fcomments&post=56"}],"version-history":[{"count":94,"href":"https:\/\/annicklonguetart.com\/index.php?rest_route=\/wp\/v2\/pages\/56\/revisions"}],"predecessor-version":[{"id":1124,"href":"https:\/\/annicklonguetart.com\/index.php?rest_route=\/wp\/v2\/pages\/56\/revisions\/1124"}],"wp:attachment":[{"href":"https:\/\/annicklonguetart.com\/index.php?rest_route=%2Fwp%2Fv2%2Fmedia&parent=56"}],"curies":[{"name":"wp","href":"https:\/\/api.w.org\/{rel}","templated":true}]}}