{"id":6,"date":"2016-03-30T15:42:06","date_gmt":"2016-03-30T14:42:06","guid":{"rendered":"http:\/\/annicklonguetart.com\/?page_id=6"},"modified":"2025-09-05T20:01:37","modified_gmt":"2025-09-05T19:01:37","slug":"plus-quelques-places-disponibles-lannee-2022","status":"publish","type":"page","link":"https:\/\/annicklonguetart.com\/","title":{"rendered":"OPTION D\u00c9COUVERTE : OFFREZ UN COURS DE DESSIN ET DE PEINTURE! &#x1f5bc;"},"content":{"rendered":"\n\n\n<section class=\"apres-slider\">\n  <h1 class=\"titre-principal\">\n    COURS DE PEINTURE ADULTE : UNE PRATIQUE ARTISTIQUE COMPL\u00c8TE QUI S\u2019ADAPTE AUX OBJECTIFS ET AUX D\u00c9SIRS DE CHACUN !\n  <\/h1>\n<\/section>\n\n\n\n<div class=\"wp-block-uagb-container uagb-block-3937c4c0 alignfull uagb-is-root-container\"><div class=\"uagb-container-inner-blocks-wrap\">\n<div class=\"wp-block-uagb-container uagb-block-261c3d25\">\n<div class=\"wp-block-uagb-container uagb-block-6997bc57\">\n<div class=\"wp-block-uagb-info-box uagb-block-f1a534a7 uagb-infobox__content-wrap  uagb-infobox_cta-type-all uagb-infobox-icon-above-title uagb-infobox-image-valign-top wp-block-uagb-info-box--has-margin https:\/\/annicklonguetart.com\/?page_id=234\" id=\"courshttps:\/\/annicklonguetart.com\/?page_id=234\"><div class=\"uagb-infobox-margin-wrapper\"><a href=\"https:\/\/annicklonguetart.com\/?page_id=234\" class=\"uagb-infobox-link-wrap uagb-infbox__link-to-all\" target=\"_self\" aria-label=\"Infobox Link\" rel=\"noopener noreferrer\" onclick=\"return true;\"><\/a><div class=\"uagb-ifb-content\"><div class=\"uagb-ifb-image-content\"><img src=\"https:\/\/i0.wp.com\/annicklonguetart.com\/wp-content\/uploads\/2016\/06\/tassia.jpg?resize=161%2C161&#038;ssl=1\" alt=\"\" width=\"161\" height=\"161\" loading=\"lazy\" data-recalc-dims=\"1\"\/><\/div><div class=\"uagb-ifb-title-wrap\"><h4 class=\"uagb-ifb-title\"><strong>COURS DE DESSIN\/<\/strong><br><strong>PEINTURE<\/strong><\/h4><\/div><div class=\"uagb-ifb-button-wrapper wp-block-button\"><\/div><\/div><\/div><\/div>\n<\/div>\n\n\n\n<div id=\"COURSARTSSAPPLIQU\u00c9S\" class=\"wp-block-uagb-container https:\/\/annicklonguetart.com\/?page_id=161 uagb-block-81c0acb9\">\n<div class=\"wp-block-uagb-info-box uagb-block-2defaa77 uagb-infobox__content-wrap  uagb-infobox_cta-type-all uagb-infobox-icon-above-title uagb-infobox-image-valign-top\" id=\"\u00c9tudianthttps:\/\/annicklonguetart.com\/?page_id=161\"><a href=\"https:\/\/annicklonguetart.com\/?page_id=161\" class=\"uagb-infobox-link-wrap uagb-infbox__link-to-all\" target=\"_self\" aria-label=\"Infobox Link\" rel=\"noopener noreferrer\" onclick=\"return true;\"><\/a><div class=\"uagb-ifb-content\"><div class=\"uagb-ifb-image-content\"><img src=\"https:\/\/i0.wp.com\/annicklonguetart.com\/wp-content\/uploads\/2016\/08\/IMG-0014.jpg?resize=161%2C161&#038;ssl=1\" alt=\"\" width=\"161\" height=\"161\" loading=\"lazy\" data-recalc-dims=\"1\"\/><\/div><div class=\"uagb-ifb-title-wrap\"><h4 class=\"uagb-ifb-title\"><strong>FORMATION\/ <\/strong><br><strong>\u00c9TUDIANTS EN ART<br><\/strong><\/h4><\/div><div class=\"uagb-ifb-button-wrapper wp-block-button\"><\/div><\/div><\/div>\n<\/div>\n\n\n\n<div class=\"wp-block-uagb-container uagb-block-b39abe65\">\n<div class=\"wp-block-uagb-info-box uagb-block-f5b049d6 uagb-infobox__content-wrap  uagb-infobox_cta-type-all uagb-infobox-icon-above-title uagb-infobox-image-valign-top https:\/\/annicklonguetart.com\/?page_id=76 uag-blocks-common-selector\" id=\"Inscriptionhttps:\/\/annicklonguetart.com\/?page_id=76\" style=\"--z-index-desktop:9;;--z-index-tablet:undefined;;--z-index-mobile:undefined;\"><a href=\"https:\/\/annicklonguetart.com\/?page_id=76\" class=\"uagb-infobox-link-wrap uagb-infbox__link-to-all\" target=\"_self\" aria-label=\"Infobox Link\" rel=\"noopener noreferrer\" onclick=\"return true;\"><\/a><div class=\"uagb-ifb-content\"><div class=\"uagb-ifb-image-content\"><img src=\"https:\/\/i0.wp.com\/annicklonguetart.com\/wp-content\/uploads\/2019\/12\/interieurDeLatelier.jpg?resize=161%2C161&#038;ssl=1\" alt=\"\" width=\"161\" height=\"161\" loading=\"lazy\" data-recalc-dims=\"1\"\/><\/div><div class=\"uagb-ifb-title-wrap\"><h4 class=\"uagb-ifb-title\"><strong>INSCRIPTION\/<\/strong><br><strong> RENSEIGNEMENT<\/strong><\/h4><\/div><div class=\"uagb-ifb-button-wrapper wp-block-button\"><\/div><\/div><\/div>\n<\/div>\n<\/div>\n\n\n\n<section class=\"apres-slider\">\n  <div class=\"contenu\">\n    <div class=\"texte\">\n      <h3>NOUS TRAVAILLONS DANS DES DOMAINES VARI\u00c9S :<\/h3>\n      <p>L\u2019\u00c9tude du corps : structure, proportions, mouvement\u2026<\/p>\n      <p>L\u2019\u00c9tude du portrait avec diff\u00e9rentes techniques : huile, pastel, crayon, aquarelle<\/p>\n      <p>Les techniques de dessins en volumes, en perspectives, les ombres\u2026<\/p>\n      <p>La copie de grands ma\u00eetres anciens et contemporains : de mani\u00e8re fid\u00e8le ou interpr\u00e9tative, pour les mod\u00e8les un grand choix est permis gr\u00e2ce \u00e0 la biblioth\u00e8que d\u2019art de l\u2019atelier !<\/p>\n      <p>L\u2019\u00e9tude du dessin d\u2019Architecture urbain et paysag\u00e9 ou du design d\u2019objets.<\/p>\n      <p>Le travail de l\u2019abstraction : recherche sur la couleur, la transparence, la mati\u00e8re, la composition\u2026<\/p>\n    <\/div>\n    <div class=\"image\">\n      <img src=\"https:\/\/i0.wp.com\/annicklonguetart.com\/wp-content\/uploads\/2016\/06\/atelier-annick-insta.jpg?w=1060&#038;ssl=1\" alt=\"Pinceaux de peinture\" data-recalc-dims=\"1\">\n    <\/div>\n  <\/div>\n<\/section>\n\n\n\n<h4 class=\"has-text-color\" style=\"color:#828485\"><strong>PORTRAIT \u00c0 L&rsquo;HUILE R\u00c9ALIS\u00c9 EN DIRECT PAR L&rsquo;ARTISTE <em>ANNICK LONGUET<\/em> D&rsquo;APRES MOD\u00c8LE VIVANT : <\/strong><\/h4>\n\n\n\n<figure class=\"wp-block-embed is-type-video is-provider-youtube wp-block-embed-youtube wp-embed-aspect-16-9 wp-has-aspect-ratio\"><div class=\"wp-block-embed__wrapper\">\n<span class=\"embed-youtube\" style=\"text-align:center; display: block;\"><iframe loading=\"lazy\" class=\"youtube-player\" width=\"1060\" height=\"597\" src=\"https:\/\/www.youtube.com\/embed\/ucCNP6EF7Gs?version=3&#038;rel=1&#038;showsearch=0&#038;showinfo=1&#038;iv_load_policy=1&#038;fs=1&#038;hl=fr-FR&#038;autohide=2&#038;wmode=transparent\" allowfullscreen=\"true\" style=\"border:0;\" sandbox=\"allow-scripts allow-same-origin allow-popups allow-presentation\"><\/iframe><\/span>\n<\/div><\/figure>\n\n\n\n<h6>\n  ANNICK LONGUET, ARTISTE PEINTRE PROFESSIONNELLE, PROFESSEUR DES COURS ADULTES ET DES FORMATIONS EN ARTS APPLIQU\u00c9S \n  <a href=\"https:\/\/annicklonguet.com\/\" target=\"_blank\" rel=\"noreferrer noopener\" style=\"color:#ffb700; text-decoration:none;\">\n    VISITEZ LE SITE WEB DE L&rsquo;ARTISTE !\n  <\/a>\n<\/h6>\n\n<!-- petit espace ajout\u00e9 -->\n<div style=\"margin-bottom:25px;\"><\/div>\n<\/div><\/div>\n\n\n<p><!-- \/wp:html --><\/p>\n<p><!-- wp:image {\"linkDestination\":\"custom\"} --><\/p>\n<figure class=\"wp-block-image\"><a href=\"http:\/\/www.spectable.com\" target=\"_blank\" rel=\"noreferrer noopener\"><img src=\"https:\/\/i0.wp.com\/www.spectable.com\/images\/small_logo.png?w=1060\" alt=\"Aller sur spectable.com\" title=\"Logo de Spectable.com\" data-recalc-dims=\"1\"><\/a><\/figure>\n<p><!-- \/wp:image --><\/p>\n<p><!-- wp:paragraph --><\/p>\n<p><!-- \/wp:paragraph --><\/p>\n<p><!-- \/wp:uagb\/container --><\/p>","protected":false},"excerpt":{"rendered":"<p>COURS DE PEINTURE ADULTE : UNE PRATIQUE ARTISTIQUE COMPL\u00c8TE QUI S\u2019ADAPTE AUX OBJECTIFS ET AUX D\u00c9SIRS DE CHACUN ! NOUS TRAVAILLONS DANS DES DOMAINES VARI\u00c9S : L\u2019\u00c9tude du corps : structure, proportions, mouvement\u2026 L\u2019\u00c9tude du portrait avec diff\u00e9rentes techniques : huile, pastel, crayon, aquarelle Les&#8230;<\/p>\n","protected":false},"author":1,"featured_media":0,"parent":0,"menu_order":0,"comment_status":"closed","ping_status":"closed","template":"","meta":{"_uag_custom_page_level_css":"","jetpack_post_was_ever_published":false},"yoast_head":"<!-- This site is optimized with the Yoast SEO plugin v19.13 - https:\/\/yoast.com\/wordpress\/plugins\/seo\/ -->\n<title>Cours de Dessin, Peinture...Adulte, \u00c9tudiant, \u00c9cole d&#039;Art \u00e0 Nimes!<\/title>\n<meta name=\"description\" content=\"Cours de peinture, dessin et arts appliqu\u00e9s pour d\u00e9butant comme Exp\u00e9riment\u00e9 : adulte, \u00e9tudiant, stage de peinture et dessin toute l&#039;ann\u00e9e\" \/>\n<meta name=\"robots\" content=\"index, follow, max-snippet:-1, max-image-preview:large, max-video-preview:-1\" \/>\n<link rel=\"canonical\" href=\"https:\/\/annicklonguetart.com\/\" \/>\n<meta property=\"og:locale\" content=\"fr_FR\" \/>\n<meta property=\"og:type\" content=\"article\" \/>\n<meta property=\"og:title\" content=\"Cours de Dessin, Peinture...Adulte, \u00c9tudiant, \u00c9cole d&#039;Art \u00e0 Nimes!\" \/>\n<meta property=\"og:description\" content=\"Cours de peinture, dessin et arts appliqu\u00e9s pour d\u00e9butant comme Exp\u00e9riment\u00e9 : adulte, \u00e9tudiant, stage de peinture et dessin toute l&#039;ann\u00e9e\" \/>\n<meta property=\"og:url\" content=\"https:\/\/annicklonguetart.com\/\" \/>\n<meta property=\"og:site_name\" content=\"Le Regard, \u00e9cole de dessin et peinture\" \/>\n<meta property=\"article:modified_time\" content=\"2025-09-05T19:01:37+00:00\" \/>\n<meta property=\"og:image\" content=\"https:\/\/annicklonguetart.com\/wp-content\/uploads\/2016\/06\/tassia-150x150.jpg\" \/>\n<meta name=\"twitter:card\" content=\"summary_large_image\" \/>\n<meta name=\"twitter:label1\" content=\"Dur\u00e9e de lecture estim\u00e9e\" \/>\n\t<meta name=\"twitter:data1\" content=\"2 minutes\" \/>\n<script type=\"application\/ld+json\" class=\"yoast-schema-graph\">{\"@context\":\"https:\/\/schema.org\",\"@graph\":[{\"@type\":\"WebPage\",\"@id\":\"https:\/\/annicklonguetart.com\/\",\"url\":\"https:\/\/annicklonguetart.com\/\",\"name\":\"Cours de Dessin, Peinture...Adulte, \u00c9tudiant, \u00c9cole d'Art \u00e0 Nimes!\",\"isPartOf\":{\"@id\":\"https:\/\/annicklonguetart.com\/#website\"},\"datePublished\":\"2016-03-30T14:42:06+00:00\",\"dateModified\":\"2025-09-05T19:01:37+00:00\",\"description\":\"Cours de peinture, dessin et arts appliqu\u00e9s pour d\u00e9butant comme Exp\u00e9riment\u00e9 : adulte, \u00e9tudiant, stage de peinture et dessin toute l'ann\u00e9e\",\"breadcrumb\":{\"@id\":\"https:\/\/annicklonguetart.com\/#breadcrumb\"},\"inLanguage\":\"fr-FR\",\"potentialAction\":[{\"@type\":\"ReadAction\",\"target\":[\"https:\/\/annicklonguetart.com\/\"]}]},{\"@type\":\"BreadcrumbList\",\"@id\":\"https:\/\/annicklonguetart.com\/#breadcrumb\",\"itemListElement\":[{\"@type\":\"ListItem\",\"position\":1,\"name\":\"Accueil\",\"item\":\"https:\/\/annicklonguetart.com\/\"},{\"@type\":\"ListItem\",\"position\":2,\"name\":\"OPTION D\u00c9COUVERTE : OFFREZ UN COURS DE DESSIN ET DE PEINTURE! &#x1f5bc;\"}]},{\"@type\":\"WebSite\",\"@id\":\"https:\/\/annicklonguetart.com\/#website\",\"url\":\"https:\/\/annicklonguetart.com\/\",\"name\":\"Le Regard, \u00e9cole de dessin et peinture\",\"description\":\"Le Regard, \u00e9cole d&#039;art \u00e0 N\u00eemes, peinture, dessin, travaux cr\u00e9atifs\",\"publisher\":{\"@id\":\"https:\/\/annicklonguetart.com\/#organization\"},\"potentialAction\":[{\"@type\":\"SearchAction\",\"target\":{\"@type\":\"EntryPoint\",\"urlTemplate\":\"https:\/\/annicklonguetart.com\/?s={search_term_string}\"},\"query-input\":\"required name=search_term_string\"}],\"inLanguage\":\"fr-FR\"},{\"@type\":\"Organization\",\"@id\":\"https:\/\/annicklonguetart.com\/#organization\",\"name\":\"Le Regard\",\"url\":\"https:\/\/annicklonguetart.com\/\",\"logo\":{\"@type\":\"ImageObject\",\"inLanguage\":\"fr-FR\",\"@id\":\"https:\/\/annicklonguetart.com\/#\/schema\/logo\/image\/\",\"url\":\"https:\/\/i0.wp.com\/annicklonguetart.com\/wp-content\/uploads\/2016\/04\/logo.png?fit=250%2C54&ssl=1\",\"contentUrl\":\"https:\/\/i0.wp.com\/annicklonguetart.com\/wp-content\/uploads\/2016\/04\/logo.png?fit=250%2C54&ssl=1\",\"width\":250,\"height\":54,\"caption\":\"Le Regard\"},\"image\":{\"@id\":\"https:\/\/annicklonguetart.com\/#\/schema\/logo\/image\/\"}}]}<\/script>\n<!-- \/ Yoast SEO plugin. -->","yoast_head_json":{"title":"Cours de Dessin, Peinture...Adulte, \u00c9tudiant, \u00c9cole d'Art \u00e0 Nimes!","description":"Cours de peinture, dessin et arts appliqu\u00e9s pour d\u00e9butant comme Exp\u00e9riment\u00e9 : adulte, \u00e9tudiant, stage de peinture et dessin toute l'ann\u00e9e","robots":{"index":"index","follow":"follow","max-snippet":"max-snippet:-1","max-image-preview":"max-image-preview:large","max-video-preview":"max-video-preview:-1"},"canonical":"https:\/\/annicklonguetart.com\/","og_locale":"fr_FR","og_type":"article","og_title":"Cours de Dessin, Peinture...Adulte, \u00c9tudiant, \u00c9cole d'Art \u00e0 Nimes!","og_description":"Cours de peinture, dessin et arts appliqu\u00e9s pour d\u00e9butant comme Exp\u00e9riment\u00e9 : adulte, \u00e9tudiant, stage de peinture et dessin toute l'ann\u00e9e","og_url":"https:\/\/annicklonguetart.com\/","og_site_name":"Le Regard, \u00e9cole de dessin et peinture","article_modified_time":"2025-09-05T19:01:37+00:00","og_image":[{"url":"https:\/\/annicklonguetart.com\/wp-content\/uploads\/2016\/06\/tassia-150x150.jpg"}],"twitter_card":"summary_large_image","twitter_misc":{"Dur\u00e9e de lecture estim\u00e9e":"2 minutes"},"schema":{"@context":"https:\/\/schema.org","@graph":[{"@type":"WebPage","@id":"https:\/\/annicklonguetart.com\/","url":"https:\/\/annicklonguetart.com\/","name":"Cours de Dessin, Peinture...Adulte, \u00c9tudiant, \u00c9cole d'Art \u00e0 Nimes!","isPartOf":{"@id":"https:\/\/annicklonguetart.com\/#website"},"datePublished":"2016-03-30T14:42:06+00:00","dateModified":"2025-09-05T19:01:37+00:00","description":"Cours de peinture, dessin et arts appliqu\u00e9s pour d\u00e9butant comme Exp\u00e9riment\u00e9 : adulte, \u00e9tudiant, stage de peinture et dessin toute l'ann\u00e9e","breadcrumb":{"@id":"https:\/\/annicklonguetart.com\/#breadcrumb"},"inLanguage":"fr-FR","potentialAction":[{"@type":"ReadAction","target":["https:\/\/annicklonguetart.com\/"]}]},{"@type":"BreadcrumbList","@id":"https:\/\/annicklonguetart.com\/#breadcrumb","itemListElement":[{"@type":"ListItem","position":1,"name":"Accueil","item":"https:\/\/annicklonguetart.com\/"},{"@type":"ListItem","position":2,"name":"OPTION D\u00c9COUVERTE : OFFREZ UN COURS DE DESSIN ET DE PEINTURE! &#x1f5bc;"}]},{"@type":"WebSite","@id":"https:\/\/annicklonguetart.com\/#website","url":"https:\/\/annicklonguetart.com\/","name":"Le Regard, \u00e9cole de dessin et peinture","description":"Le Regard, \u00e9cole d&#039;art \u00e0 N\u00eemes, peinture, dessin, travaux cr\u00e9atifs","publisher":{"@id":"https:\/\/annicklonguetart.com\/#organization"},"potentialAction":[{"@type":"SearchAction","target":{"@type":"EntryPoint","urlTemplate":"https:\/\/annicklonguetart.com\/?s={search_term_string}"},"query-input":"required name=search_term_string"}],"inLanguage":"fr-FR"},{"@type":"Organization","@id":"https:\/\/annicklonguetart.com\/#organization","name":"Le Regard","url":"https:\/\/annicklonguetart.com\/","logo":{"@type":"ImageObject","inLanguage":"fr-FR","@id":"https:\/\/annicklonguetart.com\/#\/schema\/logo\/image\/","url":"https:\/\/i0.wp.com\/annicklonguetart.com\/wp-content\/uploads\/2016\/04\/logo.png?fit=250%2C54&ssl=1","contentUrl":"https:\/\/i0.wp.com\/annicklonguetart.com\/wp-content\/uploads\/2016\/04\/logo.png?fit=250%2C54&ssl=1","width":250,"height":54,"caption":"Le Regard"},"image":{"@id":"https:\/\/annicklonguetart.com\/#\/schema\/logo\/image\/"}}]}},"uagb_featured_image_src":{"full":false,"thumbnail":false,"medium":false,"medium_large":false,"large":false,"1536x1536":false,"2048x2048":false,"portfolio-square":false,"portfolio-portrait":false,"portfolio-landscape":false,"menu-featured-post":false,"supra-carousel_slider":false,"portfolio_slider":false,"portfolio_masonry_regular":false,"portfolio_masonry_wide":false,"portfolio_masonry_tall":false,"portfolio_masonry_large":false,"portfolio_masonry_with_space":false,"latest_post_boxes":false},"uagb_author_info":{"display_name":"admin1268","author_link":"https:\/\/annicklonguetart.com\/?author=1"},"uagb_comment_info":0,"uagb_excerpt":"COURS DE PEINTURE ADULTE : UNE PRATIQUE ARTISTIQUE COMPL\u00c8TE QUI S\u2019ADAPTE AUX OBJECTIFS ET AUX D\u00c9SIRS DE CHACUN ! NOUS TRAVAILLONS DANS DES DOMAINES VARI\u00c9S : L\u2019\u00c9tude du corps : structure, proportions, mouvement\u2026 L\u2019\u00c9tude du portrait avec diff\u00e9rentes techniques : huile, pastel, crayon, aquarelle Les...","jetpack_sharing_enabled":true,"jetpack_shortlink":"https:\/\/wp.me\/Pab7YV-6","_links":{"self":[{"href":"https:\/\/annicklonguetart.com\/index.php?rest_route=\/wp\/v2\/pages\/6"}],"collection":[{"href":"https:\/\/annicklonguetart.com\/index.php?rest_route=\/wp\/v2\/pages"}],"about":[{"href":"https:\/\/annicklonguetart.com\/index.php?rest_route=\/wp\/v2\/types\/page"}],"author":[{"embeddable":true,"href":"https:\/\/annicklonguetart.com\/index.php?rest_route=\/wp\/v2\/users\/1"}],"replies":[{"embeddable":true,"href":"https:\/\/annicklonguetart.com\/index.php?rest_route=%2Fwp%2Fv2%2Fcomments&post=6"}],"version-history":[{"count":220,"href":"https:\/\/annicklonguetart.com\/index.php?rest_route=\/wp\/v2\/pages\/6\/revisions"}],"predecessor-version":[{"id":1552,"href":"https:\/\/annicklonguetart.com\/index.php?rest_route=\/wp\/v2\/pages\/6\/revisions\/1552"}],"wp:attachment":[{"href":"https:\/\/annicklonguetart.com\/index.php?rest_route=%2Fwp%2Fv2%2Fmedia&parent=6"}],"curies":[{"name":"wp","href":"https:\/\/api.w.org\/{rel}","templated":true}]}}