{"id":76,"date":"2016-06-16T15:55:58","date_gmt":"2016-06-16T14:55:58","guid":{"rendered":"http:\/\/annicklonguetart.com\/?page_id=76"},"modified":"2024-03-11T14:10:50","modified_gmt":"2024-03-11T13:10:50","slug":"inscription","status":"publish","type":"page","link":"https:\/\/annicklonguetart.com\/?page_id=76","title":{"rendered":"Inscription"},"content":{"rendered":"<h4 style=\"text-align: center;\"><span id=\"renseignement-par-telephone-au-0687088682\" style=\"color: #4d4b4b;\"><strong>RENSEIGNEMENTS PAR T\u00c9L\u00c9PHONE AU :\u00a0<a href=\"tel:+33687088682\" target=\"_blank\" rel=\"noreferrer noopener\" data-type=\"tel\" data-id=\"tel:+33687088682\"> 06.87.08.86.82<\/a><\/strong><\/span><\/h4>\n<div style=\"display: flex; justify-content: center;\">\n<div style=\"max-width: 800px;\">\n<h4 style=\"text-align: justify;\"><\/h4>\n<p><img loading=\"lazy\" class=\"aligncenter wp-image-732\" src=\"https:\/\/i0.wp.com\/annicklonguetart.com\/wp-content\/uploads\/2016\/06\/corps-La-penseuse-1.jpg?resize=542%2C319&#038;ssl=1\" alt=\"\" width=\"542\" height=\"319\" srcset=\"https:\/\/i0.wp.com\/annicklonguetart.com\/wp-content\/uploads\/2016\/06\/corps-La-penseuse-1.jpg?resize=1024%2C602&amp;ssl=1 1024w, https:\/\/i0.wp.com\/annicklonguetart.com\/wp-content\/uploads\/2016\/06\/corps-La-penseuse-1.jpg?resize=300%2C176&amp;ssl=1 300w, https:\/\/i0.wp.com\/annicklonguetart.com\/wp-content\/uploads\/2016\/06\/corps-La-penseuse-1.jpg?resize=768%2C452&amp;ssl=1 768w, https:\/\/i0.wp.com\/annicklonguetart.com\/wp-content\/uploads\/2016\/06\/corps-La-penseuse-1.jpg?resize=700%2C412&amp;ssl=1 700w, https:\/\/i0.wp.com\/annicklonguetart.com\/wp-content\/uploads\/2016\/06\/corps-La-penseuse-1.jpg?w=2120&amp;ssl=1 2120w, https:\/\/i0.wp.com\/annicklonguetart.com\/wp-content\/uploads\/2016\/06\/corps-La-penseuse-1.jpg?w=3180&amp;ssl=1 3180w\" sizes=\"(max-width: 542px) 100vw, 542px\" data-recalc-dims=\"1\" \/><span style=\"color: #3366ff;\">\u00a0 <\/span><\/p>\n<h4 style=\"text-align: center;\"><span style=\"color: #3366ff;\">LES INSCRIPTIONS SONT OUVERTES <\/span><span style=\"color: #3366ff;\">POUR LA RENTR\u00c9E DE SEPTEMBRE 2024<\/span><\/h4>\n<h4 style=\"text-align: center;\"><span style=\"color: #3366ff;\">R\u00c9SERVEZ VOTRE PLACE D\u00c8S MAINTENANT !<br \/>\n<\/span><\/h4>\n<div role=\"form\" class=\"wpcf7\" id=\"wpcf7-f1049-o1\" lang=\"fr-FR\" dir=\"ltr\">\n<div class=\"screen-reader-response\"><p role=\"status\" aria-live=\"polite\" aria-atomic=\"true\"><\/p> <ul><\/ul><\/div>\n<form action=\"\/index.php?rest_route=%2Fwp%2Fv2%2Fpages%2F76#wpcf7-f1049-o1\" method=\"post\" class=\"wpcf7-form init\" novalidate=\"novalidate\" data-status=\"init\">\n<div style=\"display: none;\">\n<input type=\"hidden\" name=\"_wpcf7\" value=\"1049\" \/>\n<input type=\"hidden\" name=\"_wpcf7_version\" value=\"5.6.2\" \/>\n<input type=\"hidden\" name=\"_wpcf7_locale\" value=\"fr_FR\" \/>\n<input type=\"hidden\" name=\"_wpcf7_unit_tag\" value=\"wpcf7-f1049-o1\" \/>\n<input type=\"hidden\" name=\"_wpcf7_container_post\" value=\"0\" \/>\n<input type=\"hidden\" name=\"_wpcf7_posted_data_hash\" value=\"\" \/>\n<\/div>\n<p>FORMULAIRE DE PR\u00c9INSCRIPIOTN <\/p>\n<p><label> Nom<br \/>\n    <span class=\"wpcf7-form-control-wrap\" data-name=\"your-name\"><input type=\"text\" name=\"your-name\" value=\"\" size=\"40\" class=\"wpcf7-form-control wpcf7-text wpcf7-validates-as-required\" aria-required=\"true\" aria-invalid=\"false\" \/><\/span> <\/label><\/p>\n<p><label> Pr\u00e9nom<br \/>\n    <span class=\"wpcf7-form-control-wrap\" data-name=\"your-surname\"><input type=\"text\" name=\"your-surname\" value=\"\" size=\"40\" class=\"wpcf7-form-control wpcf7-text wpcf7-validates-as-required\" aria-required=\"true\" aria-invalid=\"false\" \/><\/span> <\/label><\/p>\n<p><label> T\u00e9l\u00e9phone<br \/>\n    <span class=\"wpcf7-form-control-wrap\" data-name=\"your-tel\"><input type=\"text\" name=\"your-tel\" value=\"\" size=\"40\" class=\"wpcf7-form-control wpcf7-text wpcf7-validates-as-required\" aria-required=\"true\" aria-invalid=\"false\" \/><\/span> <\/label><\/p>\n<p><label> E-mail<br \/>\n    <span class=\"wpcf7-form-control-wrap\" data-name=\"your-email\"><input type=\"email\" name=\"your-email\" value=\"\" size=\"40\" class=\"wpcf7-form-control wpcf7-text wpcf7-email wpcf7-validates-as-required wpcf7-validates-as-email\" aria-required=\"true\" aria-invalid=\"false\" \/><\/span> <\/label><\/p>\n<p><label> Information sur les attentes de l'\u00e9l\u00e8ve et choix du cours (adultes, enfants, stages, pr\u00e9pa concours..)<br \/>\n    <span class=\"wpcf7-form-control-wrap\" data-name=\"your-message\"><textarea name=\"your-message\" cols=\"40\" rows=\"10\" class=\"wpcf7-form-control wpcf7-textarea\" aria-invalid=\"false\"><\/textarea><\/span> <\/label><br \/>\n<input type=\"submit\" value=\"Envoyer\" class=\"wpcf7-form-control has-spinner wpcf7-submit\" \/><\/p>\n<p style=\"display: none !important;\" class=\"akismet-fields-container\" data-prefix=\"_wpcf7_ak_\"><label>&#916;<textarea name=\"_wpcf7_ak_hp_textarea\" cols=\"45\" rows=\"8\" maxlength=\"100\"><\/textarea><\/label><input type=\"hidden\" id=\"ak_js_1\" name=\"_wpcf7_ak_js\" value=\"2\"\/><script type=\"text\/javascript\">\ndocument.getElementById( \"ak_js_1\" ).setAttribute( \"value\", ( new Date() ).getTime() );\n<\/script>\n<\/p><div class=\"wpcf7-response-output\" aria-hidden=\"true\"><\/div><\/form><\/div>\r\n\t\t\t\t<script>\r\n\t\t\t\tif ( typeof huOptions !== 'undefined' ) {\r\n\t\t\t\t\tvar huFormData = {\"source\":\"contactform7\",\"id\":1049,\"title\":\"Formulaire de contact 1\",\"fields\":{\"subject\":{\"first_name\":\"your-name\",\"email\":\"your-email\"},\"preferences\":{\"terms\":\"your-consent\"}}};\r\n\t\t\t\t\tvar huFormNode = document.querySelector( '[id^=\"wpcf7-f1049-\"] form' );\r\n\r\n\t\t\t\t\thuFormData['node'] = huFormNode;\r\n\t\t\t\t\thuOptions['forms'].push( huFormData );\r\n\t\t\t\t}\r\n\t\t\t\t<\/script><br \/>\n<img loading=\"lazy\" class=\"aligncenter wp-image-1162 size-full\" src=\"https:\/\/i0.wp.com\/annicklonguetart.com\/wp-content\/uploads\/2023\/08\/MERCREDI-1.png?resize=1060%2C353&#038;ssl=1\" alt=\"\" width=\"1060\" height=\"353\" srcset=\"https:\/\/i0.wp.com\/annicklonguetart.com\/wp-content\/uploads\/2023\/08\/MERCREDI-1.png?w=1500&amp;ssl=1 1500w, https:\/\/i0.wp.com\/annicklonguetart.com\/wp-content\/uploads\/2023\/08\/MERCREDI-1.png?resize=300%2C100&amp;ssl=1 300w, https:\/\/i0.wp.com\/annicklonguetart.com\/wp-content\/uploads\/2023\/08\/MERCREDI-1.png?resize=1024%2C341&amp;ssl=1 1024w, https:\/\/i0.wp.com\/annicklonguetart.com\/wp-content\/uploads\/2023\/08\/MERCREDI-1.png?resize=768%2C256&amp;ssl=1 768w, https:\/\/i0.wp.com\/annicklonguetart.com\/wp-content\/uploads\/2023\/08\/MERCREDI-1.png?resize=700%2C233&amp;ssl=1 700w\" sizes=\"(max-width: 1060px) 100vw, 1060px\" data-recalc-dims=\"1\" \/><br \/>\n<img loading=\"lazy\" class=\"alignleft wp-image-411\" src=\"https:\/\/i0.wp.com\/annicklonguetart.com\/wp-content\/uploads\/2016\/06\/Personnages-FAUVE.jpg?resize=295%2C255&#038;ssl=1\" alt=\"personnages-fauve\" width=\"295\" height=\"255\" srcset=\"https:\/\/i0.wp.com\/annicklonguetart.com\/wp-content\/uploads\/2016\/06\/Personnages-FAUVE.jpg?resize=300%2C259&amp;ssl=1 300w, https:\/\/i0.wp.com\/annicklonguetart.com\/wp-content\/uploads\/2016\/06\/Personnages-FAUVE.jpg?resize=768%2C663&amp;ssl=1 768w, https:\/\/i0.wp.com\/annicklonguetart.com\/wp-content\/uploads\/2016\/06\/Personnages-FAUVE.jpg?resize=1024%2C884&amp;ssl=1 1024w, https:\/\/i0.wp.com\/annicklonguetart.com\/wp-content\/uploads\/2016\/06\/Personnages-FAUVE.jpg?resize=700%2C604&amp;ssl=1 700w, https:\/\/i0.wp.com\/annicklonguetart.com\/wp-content\/uploads\/2016\/06\/Personnages-FAUVE.jpg?w=2120&amp;ssl=1 2120w\" sizes=\"(max-width: 295px) 100vw, 295px\" data-recalc-dims=\"1\" \/><\/p>\n<h4 style=\"text-align: left;\"><span style=\"color: #4d4b4b;\">\u00a0&#8212;\u00a0Inscription possible toute l&rsquo;ann\u00e9e si place\u00a0disponible &#8212;\u00a0<\/span><\/h4>\n<h4><span style=\"color: #4d4b4b;\">Ch\u00e8ques vacances accept\u00e9s.\u00a0<\/span><\/h4>\n<\/div>\n<\/div>\n","protected":false},"excerpt":{"rendered":"<p>RENSEIGNEMENTS PAR T\u00c9L\u00c9PHONE AU :\u00a0 06.87.08.86.82 \u00a0 LES INSCRIPTIONS SONT OUVERTES POUR LA RENTR\u00c9E DE SEPTEMBRE 2024 R\u00c9SERVEZ VOTRE PLACE D\u00c8S MAINTENANT ! \u00a0&#8212;\u00a0Inscription possible toute l&rsquo;ann\u00e9e si place\u00a0disponible &#8212;\u00a0 Ch\u00e8ques vacances accept\u00e9s.\u00a0<\/p>\n","protected":false},"author":1,"featured_media":0,"parent":0,"menu_order":0,"comment_status":"closed","ping_status":"closed","template":"","meta":{"_uag_custom_page_level_css":"","jetpack_post_was_ever_published":false},"yoast_head":"<!-- This site is optimized with the Yoast SEO plugin v19.13 - https:\/\/yoast.com\/wordpress\/plugins\/seo\/ -->\n<title>Inscription - Le Regard, \u00e9cole de dessin et peinture<\/title>\n<meta name=\"robots\" content=\"index, follow, max-snippet:-1, max-image-preview:large, max-video-preview:-1\" \/>\n<link rel=\"canonical\" href=\"https:\/\/annicklonguetart.com\/?page_id=76\" \/>\n<meta property=\"og:locale\" content=\"fr_FR\" \/>\n<meta property=\"og:type\" content=\"article\" \/>\n<meta property=\"og:title\" content=\"Inscription - Le Regard, \u00e9cole de dessin et peinture\" \/>\n<meta property=\"og:description\" content=\"RENSEIGNEMENTS PAR T\u00c9L\u00c9PHONE AU :\u00a0 06.87.08.86.82 \u00a0 LES INSCRIPTIONS SONT OUVERTES POUR LA RENTR\u00c9E DE SEPTEMBRE 2024 R\u00c9SERVEZ VOTRE PLACE D\u00c8S MAINTENANT ! \u00a0&#8212;\u00a0Inscription possible toute l&rsquo;ann\u00e9e si place\u00a0disponible &#8212;\u00a0 Ch\u00e8ques vacances accept\u00e9s.\u00a0\" \/>\n<meta property=\"og:url\" content=\"https:\/\/annicklonguetart.com\/?page_id=76\" \/>\n<meta property=\"og:site_name\" content=\"Le Regard, \u00e9cole de dessin et peinture\" \/>\n<meta property=\"article:modified_time\" content=\"2024-03-11T13:10:50+00:00\" \/>\n<meta property=\"og:image\" content=\"http:\/\/annicklonguetart.com\/wp-content\/uploads\/2016\/06\/corps-La-penseuse-1-1024x602.jpg\" \/>\n<meta name=\"twitter:card\" content=\"summary_large_image\" \/>\n<meta name=\"twitter:label1\" content=\"Dur\u00e9e de lecture estim\u00e9e\" \/>\n\t<meta name=\"twitter:data1\" content=\"1 minute\" \/>\n<script type=\"application\/ld+json\" class=\"yoast-schema-graph\">{\"@context\":\"https:\/\/schema.org\",\"@graph\":[{\"@type\":\"WebPage\",\"@id\":\"https:\/\/annicklonguetart.com\/?page_id=76\",\"url\":\"https:\/\/annicklonguetart.com\/?page_id=76\",\"name\":\"Inscription - Le Regard, \u00e9cole de dessin et peinture\",\"isPartOf\":{\"@id\":\"https:\/\/annicklonguetart.com\/#website\"},\"datePublished\":\"2016-06-16T14:55:58+00:00\",\"dateModified\":\"2024-03-11T13:10:50+00:00\",\"breadcrumb\":{\"@id\":\"https:\/\/annicklonguetart.com\/?page_id=76#breadcrumb\"},\"inLanguage\":\"fr-FR\",\"potentialAction\":[{\"@type\":\"ReadAction\",\"target\":[\"https:\/\/annicklonguetart.com\/?page_id=76\"]}]},{\"@type\":\"BreadcrumbList\",\"@id\":\"https:\/\/annicklonguetart.com\/?page_id=76#breadcrumb\",\"itemListElement\":[{\"@type\":\"ListItem\",\"position\":1,\"name\":\"Accueil\",\"item\":\"https:\/\/annicklonguetart.com\/\"},{\"@type\":\"ListItem\",\"position\":2,\"name\":\"Inscription\"}]},{\"@type\":\"WebSite\",\"@id\":\"https:\/\/annicklonguetart.com\/#website\",\"url\":\"https:\/\/annicklonguetart.com\/\",\"name\":\"Le Regard, \u00e9cole de dessin et peinture\",\"description\":\"Le Regard, \u00e9cole d&#039;art \u00e0 N\u00eemes, peinture, dessin, travaux cr\u00e9atifs\",\"publisher\":{\"@id\":\"https:\/\/annicklonguetart.com\/#organization\"},\"potentialAction\":[{\"@type\":\"SearchAction\",\"target\":{\"@type\":\"EntryPoint\",\"urlTemplate\":\"https:\/\/annicklonguetart.com\/?s={search_term_string}\"},\"query-input\":\"required name=search_term_string\"}],\"inLanguage\":\"fr-FR\"},{\"@type\":\"Organization\",\"@id\":\"https:\/\/annicklonguetart.com\/#organization\",\"name\":\"Le Regard\",\"url\":\"https:\/\/annicklonguetart.com\/\",\"logo\":{\"@type\":\"ImageObject\",\"inLanguage\":\"fr-FR\",\"@id\":\"https:\/\/annicklonguetart.com\/#\/schema\/logo\/image\/\",\"url\":\"https:\/\/i0.wp.com\/annicklonguetart.com\/wp-content\/uploads\/2016\/04\/logo.png?fit=250%2C54&ssl=1\",\"contentUrl\":\"https:\/\/i0.wp.com\/annicklonguetart.com\/wp-content\/uploads\/2016\/04\/logo.png?fit=250%2C54&ssl=1\",\"width\":250,\"height\":54,\"caption\":\"Le Regard\"},\"image\":{\"@id\":\"https:\/\/annicklonguetart.com\/#\/schema\/logo\/image\/\"}}]}<\/script>\n<!-- \/ Yoast SEO plugin. -->","yoast_head_json":{"title":"Inscription - Le Regard, \u00e9cole de dessin et peinture","robots":{"index":"index","follow":"follow","max-snippet":"max-snippet:-1","max-image-preview":"max-image-preview:large","max-video-preview":"max-video-preview:-1"},"canonical":"https:\/\/annicklonguetart.com\/?page_id=76","og_locale":"fr_FR","og_type":"article","og_title":"Inscription - Le Regard, \u00e9cole de dessin et peinture","og_description":"RENSEIGNEMENTS PAR T\u00c9L\u00c9PHONE AU :\u00a0 06.87.08.86.82 \u00a0 LES INSCRIPTIONS SONT OUVERTES POUR LA RENTR\u00c9E DE SEPTEMBRE 2024 R\u00c9SERVEZ VOTRE PLACE D\u00c8S MAINTENANT ! \u00a0&#8212;\u00a0Inscription possible toute l&rsquo;ann\u00e9e si place\u00a0disponible &#8212;\u00a0 Ch\u00e8ques vacances accept\u00e9s.\u00a0","og_url":"https:\/\/annicklonguetart.com\/?page_id=76","og_site_name":"Le Regard, \u00e9cole de dessin et peinture","article_modified_time":"2024-03-11T13:10:50+00:00","og_image":[{"url":"http:\/\/annicklonguetart.com\/wp-content\/uploads\/2016\/06\/corps-La-penseuse-1-1024x602.jpg"}],"twitter_card":"summary_large_image","twitter_misc":{"Dur\u00e9e de lecture estim\u00e9e":"1 minute"},"schema":{"@context":"https:\/\/schema.org","@graph":[{"@type":"WebPage","@id":"https:\/\/annicklonguetart.com\/?page_id=76","url":"https:\/\/annicklonguetart.com\/?page_id=76","name":"Inscription - Le Regard, \u00e9cole de dessin et peinture","isPartOf":{"@id":"https:\/\/annicklonguetart.com\/#website"},"datePublished":"2016-06-16T14:55:58+00:00","dateModified":"2024-03-11T13:10:50+00:00","breadcrumb":{"@id":"https:\/\/annicklonguetart.com\/?page_id=76#breadcrumb"},"inLanguage":"fr-FR","potentialAction":[{"@type":"ReadAction","target":["https:\/\/annicklonguetart.com\/?page_id=76"]}]},{"@type":"BreadcrumbList","@id":"https:\/\/annicklonguetart.com\/?page_id=76#breadcrumb","itemListElement":[{"@type":"ListItem","position":1,"name":"Accueil","item":"https:\/\/annicklonguetart.com\/"},{"@type":"ListItem","position":2,"name":"Inscription"}]},{"@type":"WebSite","@id":"https:\/\/annicklonguetart.com\/#website","url":"https:\/\/annicklonguetart.com\/","name":"Le Regard, \u00e9cole de dessin et peinture","description":"Le Regard, \u00e9cole d&#039;art \u00e0 N\u00eemes, peinture, dessin, travaux cr\u00e9atifs","publisher":{"@id":"https:\/\/annicklonguetart.com\/#organization"},"potentialAction":[{"@type":"SearchAction","target":{"@type":"EntryPoint","urlTemplate":"https:\/\/annicklonguetart.com\/?s={search_term_string}"},"query-input":"required name=search_term_string"}],"inLanguage":"fr-FR"},{"@type":"Organization","@id":"https:\/\/annicklonguetart.com\/#organization","name":"Le Regard","url":"https:\/\/annicklonguetart.com\/","logo":{"@type":"ImageObject","inLanguage":"fr-FR","@id":"https:\/\/annicklonguetart.com\/#\/schema\/logo\/image\/","url":"https:\/\/i0.wp.com\/annicklonguetart.com\/wp-content\/uploads\/2016\/04\/logo.png?fit=250%2C54&ssl=1","contentUrl":"https:\/\/i0.wp.com\/annicklonguetart.com\/wp-content\/uploads\/2016\/04\/logo.png?fit=250%2C54&ssl=1","width":250,"height":54,"caption":"Le Regard"},"image":{"@id":"https:\/\/annicklonguetart.com\/#\/schema\/logo\/image\/"}}]}},"uagb_featured_image_src":{"full":false,"thumbnail":false,"medium":false,"medium_large":false,"large":false,"1536x1536":false,"2048x2048":false,"portfolio-square":false,"portfolio-portrait":false,"portfolio-landscape":false,"menu-featured-post":false,"supra-carousel_slider":false,"portfolio_slider":false,"portfolio_masonry_regular":false,"portfolio_masonry_wide":false,"portfolio_masonry_tall":false,"portfolio_masonry_large":false,"portfolio_masonry_with_space":false,"latest_post_boxes":false},"uagb_author_info":{"display_name":"admin1268","author_link":"https:\/\/annicklonguetart.com\/?author=1"},"uagb_comment_info":0,"uagb_excerpt":"RENSEIGNEMENTS PAR T\u00c9L\u00c9PHONE AU :\u00a0 06.87.08.86.82 \u00a0 LES INSCRIPTIONS SONT OUVERTES POUR LA RENTR\u00c9E DE SEPTEMBRE 2024 R\u00c9SERVEZ VOTRE PLACE D\u00c8S MAINTENANT ! \u00a0&#8212;\u00a0Inscription possible toute l&rsquo;ann\u00e9e si place\u00a0disponible &#8212;\u00a0 Ch\u00e8ques vacances accept\u00e9s.\u00a0","jetpack_sharing_enabled":true,"jetpack_shortlink":"https:\/\/wp.me\/Pab7YV-1e","_links":{"self":[{"href":"https:\/\/annicklonguetart.com\/index.php?rest_route=\/wp\/v2\/pages\/76"}],"collection":[{"href":"https:\/\/annicklonguetart.com\/index.php?rest_route=\/wp\/v2\/pages"}],"about":[{"href":"https:\/\/annicklonguetart.com\/index.php?rest_route=\/wp\/v2\/types\/page"}],"author":[{"embeddable":true,"href":"https:\/\/annicklonguetart.com\/index.php?rest_route=\/wp\/v2\/users\/1"}],"replies":[{"embeddable":true,"href":"https:\/\/annicklonguetart.com\/index.php?rest_route=%2Fwp%2Fv2%2Fcomments&post=76"}],"version-history":[{"count":59,"href":"https:\/\/annicklonguetart.com\/index.php?rest_route=\/wp\/v2\/pages\/76\/revisions"}],"predecessor-version":[{"id":1248,"href":"https:\/\/annicklonguetart.com\/index.php?rest_route=\/wp\/v2\/pages\/76\/revisions\/1248"}],"wp:attachment":[{"href":"https:\/\/annicklonguetart.com\/index.php?rest_route=%2Fwp%2Fv2%2Fmedia&parent=76"}],"curies":[{"name":"wp","href":"https:\/\/api.w.org\/{rel}","templated":true}]}}